{"id":1354,"date":"2021-04-22T09:58:31","date_gmt":"2021-04-22T07:58:31","guid":{"rendered":"https:\/\/azul-grzybowo.pl\/?page_id=1354"},"modified":"2026-03-04T13:56:43","modified_gmt":"2026-03-04T12:56:43","slug":"okolica","status":"publish","type":"page","link":"https:\/\/azul-grzybowo.pl\/cs\/okolica","title":{"rendered":"Plocha"},"content":{"rendered":"<section id=\"section-59-1354\" class=\"ct-section\" ><div class=\"ct-section-inner-wrap\"><h1 id=\"headline-986-1354\" class=\"ct-headline\"><b><b>Plocha<\/b> <b>a atrakce \u2013 Rekrea\u010dn\u00ed centrum Azul v Grzybowu<\/b><\/b><\/h1><div id=\"text_block-658-1354\" class=\"ct-text-block\" >Grzybowo je malebn\u00e9 m\u011bste\u010dko le\u017e\u00edc\u00ed v kr\u00e1sn\u00e9m kraji.<br>Prohl\u00e9dn\u011bte si n\u011bkter\u00e9 z atrakc\u00ed, kter\u00e9 se nach\u00e1zej\u00ed v bezprost\u0159edn\u00edm okol\u00ed.<\/div><div id=\"div_block-62-1354\" class=\"ct-div-block\" ><div id=\"_dynamic_list-860-1354\" class=\"oxy-dynamic-list\"><div id=\"div_block-861-1354-1\" class=\"ct-div-block\" data-aos=\"fade-up\" data-aos-duration=\"800\" data-aos-once=\"true\" data-id=\"div_block-861-1354\"><div id=\"div_block-862-1354-1\" class=\"ct-div-block attraction-box\" data-id=\"div_block-862-1354\"><img decoding=\"async\" id=\"image-863-1354-1\" alt=\"\" src=\"https:\/\/azul-grzybowo.pl\/wp-content\/uploads\/2021\/07\/kolobrzeg-17-15-09-0424.jpg\" class=\"ct-image cover-image\" data-id=\"image-863-1354\"><\/div><div id=\"div_block-866-1354-1\" class=\"ct-div-block\" data-id=\"div_block-866-1354\"><div id=\"text_block-867-1354-1\" class=\"ct-text-block\" data-id=\"text_block-867-1354\"><span id=\"span-868-1354\" class=\"ct-span\" >Hledisko<\/span><\/div><h3 id=\"headline-869-1354-1\" class=\"ct-headline section-heading\" data-id=\"headline-869-1354\"><span id=\"span-870-1354\" class=\"ct-span\" >Maj\u00e1k v Ko\u0142obrzegu<\/span><\/h3><div id=\"text_block-871-1354-1\" class=\"ct-text-block txt\" data-id=\"text_block-871-1354\"><span id=\"span-872-1354\" class=\"ct-span\" ><p>Ko\u0142obrzegsk\u00fd maj\u00e1k je pov\u00e1le\u010dn\u00e1 stavba, kter\u00e1 stoj\u00ed na m\u00edst\u011b b\u00fdval\u00fdch pevnostn\u00edch budov. M\u011b\u0159\u00ed 26 metr\u016f a je jednou z obl\u00edben\u00fdch atrakc\u00ed m\u011bsta. Maj\u00e1k je otev\u0159en pro n\u00e1v\u0161t\u011bvn\u00edky.<\/p>\n<\/span><\/div><\/div><\/div><div id=\"div_block-861-1354-2\" class=\"ct-div-block\" data-aos=\"fade-up\" data-aos-duration=\"800\" data-aos-once=\"true\" data-id=\"div_block-861-1354\"><div id=\"div_block-862-1354-2\" class=\"ct-div-block attraction-box\" data-id=\"div_block-862-1354\"><img decoding=\"async\" id=\"image-863-1354-2\" alt=\"\" src=\"https:\/\/azul-grzybowo.pl\/wp-content\/uploads\/2021\/07\/kolobrzeg-17-15-00-1395.jpg\" class=\"ct-image cover-image\" data-id=\"image-863-1354\"><\/div><div id=\"div_block-866-1354-2\" class=\"ct-div-block\" data-id=\"div_block-866-1354\"><div id=\"text_block-867-1354-2\" class=\"ct-text-block\" data-id=\"text_block-867-1354\"><span id=\"span-868-1354\" class=\"ct-span\" >Proch\u00e1zky<\/span><\/div><h3 id=\"headline-869-1354-2\" class=\"ct-headline section-heading\" data-id=\"headline-869-1354\"><span id=\"span-870-1354\" class=\"ct-span\" >Molo, p\u0159\u00edmo\u0159sk\u00e1 promen\u00e1da, osobn\u00ed p\u0159\u00edstav<\/span><\/h3><div id=\"text_block-871-1354-2\" class=\"ct-text-block txt\" data-id=\"text_block-871-1354\"><span id=\"span-872-1354\" class=\"ct-span\" ><p>220 metr\u016f dlouh\u00e9 kolob\u0159e\u017esk\u00e9 molo a p\u0159\u00edmo\u0159sk\u00e1 promen\u00e1da jsou nejlep\u0161\u00edm m\u00edstem pro proch\u00e1zky a obdivov\u00e1n\u00ed kr\u00e1s Baltsk\u00e9ho mo\u0159e v kteroukoli ro\u010dn\u00ed dobu. Turist\u00e9 si mohou u\u017e\u00edt tak\u00e9 osobn\u00ed p\u0159\u00edstav, kter\u00fd nab\u00edz\u00ed mimo jin\u00e9 turistick\u00e9 plavby. do Bornholmu.<\/p>\n<\/span><\/div><\/div><\/div><div id=\"div_block-861-1354-3\" class=\"ct-div-block\" data-aos=\"fade-up\" data-aos-duration=\"800\" data-aos-once=\"true\" data-id=\"div_block-861-1354\"><div id=\"div_block-862-1354-3\" class=\"ct-div-block attraction-box\" data-id=\"div_block-862-1354\"><img decoding=\"async\" id=\"image-863-1354-3\" alt=\"\" src=\"https:\/\/azul-grzybowo.pl\/wp-content\/uploads\/2021\/07\/kolobrzeg-17-15-40-594.jpg\" class=\"ct-image cover-image\" data-id=\"image-863-1354\"><\/div><div id=\"div_block-866-1354-3\" class=\"ct-div-block\" data-id=\"div_block-866-1354\"><div id=\"text_block-867-1354-3\" class=\"ct-text-block\" data-id=\"text_block-867-1354\"><span id=\"span-868-1354\" class=\"ct-span\" >Pam\u00e1tka<\/span><\/div><h3 id=\"headline-869-1354-3\" class=\"ct-headline section-heading\" data-id=\"headline-869-1354\"><span id=\"span-870-1354\" class=\"ct-span\" >Star\u00e9 m\u011bsto s jeho n\u00e1dhern\u00fdmi budovami<\/span><\/h3><div id=\"text_block-871-1354-3\" class=\"ct-text-block txt\" data-id=\"text_block-871-1354\"><span id=\"span-872-1354\" class=\"ct-span\" ><p>Pam\u00e1tky Ko\u0142obrzegu nadchnou ka\u017ed\u00e9ho \u2013 nejv\u00edce upoutaj\u00ed pozornost unik\u00e1tn\u00ed st\u0159edov\u011bk\u00e9 budovy, v\u010detn\u011b kr\u00e1sn\u00e9 baziliky Panny Marie a radnice. Ko\u0142obrzeg je za\u0159azen na seznam Evropsk\u00e9 cesty cihlov\u00e9 gotiky.<\/p>\n<\/span><\/div><\/div><\/div><div id=\"div_block-861-1354-4\" class=\"ct-div-block\" data-aos=\"fade-up\" data-aos-duration=\"800\" data-aos-once=\"true\" data-id=\"div_block-861-1354\"><div id=\"div_block-862-1354-4\" class=\"ct-div-block attraction-box\" data-id=\"div_block-862-1354\"><img decoding=\"async\" id=\"image-863-1354-4\" alt=\"\" src=\"https:\/\/azul-grzybowo.pl\/wp-content\/uploads\/2021\/07\/kolobrzeg-17-15-36-3073.jpg\" class=\"ct-image cover-image\" data-id=\"image-863-1354\"><\/div><div id=\"div_block-866-1354-4\" class=\"ct-div-block\" data-id=\"div_block-866-1354\"><div id=\"text_block-867-1354-4\" class=\"ct-text-block\" data-id=\"text_block-867-1354\"><span id=\"span-868-1354\" class=\"ct-span\" >Pam\u00e1tka<\/span><\/div><h3 id=\"headline-869-1354-4\" class=\"ct-headline section-heading\" data-id=\"headline-869-1354\"><span id=\"span-870-1354\" class=\"ct-span\" >Kolob\u0159e\u017esk\u00e1 bazilika<\/span><\/h3><div id=\"text_block-871-1354-4\" class=\"ct-text-block txt\" data-id=\"text_block-871-1354\"><span id=\"span-872-1354\" class=\"ct-span\" ><p>Historie konkatedr\u00e1ln\u00ed baziliky Nanebevzet\u00ed Panny Marie v Kolob\u0159ehu sah\u00e1 a\u017e do 14. stolet\u00ed. Je to monument\u00e1ln\u00ed budova v gotick\u00e9m slohu, uvnit\u0159 kter\u00e9 m\u016f\u017eete obdivovat \u010detn\u00e9 pam\u00e1tky sakr\u00e1ln\u00edho um\u011bn\u00ed.<\/p>\n<\/span><\/div><\/div><\/div><div id=\"div_block-861-1354-5\" class=\"ct-div-block\" data-aos=\"fade-up\" data-aos-duration=\"800\" data-aos-once=\"true\" data-id=\"div_block-861-1354\"><div id=\"div_block-862-1354-5\" class=\"ct-div-block attraction-box\" data-id=\"div_block-862-1354\"><img decoding=\"async\" id=\"image-863-1354-5\" alt=\"\" src=\"https:\/\/azul-grzybowo.pl\/wp-content\/uploads\/2021\/07\/kolobrzeg-17-15-02-156.jpg\" class=\"ct-image cover-image\" data-id=\"image-863-1354\"><\/div><div id=\"div_block-866-1354-5\" class=\"ct-div-block\" data-id=\"div_block-866-1354\"><div id=\"text_block-867-1354-5\" class=\"ct-text-block\" data-id=\"text_block-867-1354\"><span id=\"span-868-1354\" class=\"ct-span\" >V\u00fdlety<\/span><\/div><h3 id=\"headline-869-1354-5\" class=\"ct-headline section-heading\" data-id=\"headline-869-1354\"><span id=\"span-870-1354\" class=\"ct-span\" >Trajekt do Bornholmu<\/span><\/h3><div id=\"text_block-871-1354-5\" class=\"ct-text-block txt\" data-id=\"text_block-871-1354\"><span id=\"span-872-1354\" class=\"ct-span\" ><p>Od dubna do \u0159\u00edjna jezd\u00ed z Ko\u0142obrzegu na Bornholm pravideln\u00fd trajekt. Turistick\u00e9 plavby jsou vynikaj\u00edc\u00ed p\u0159\u00edle\u017eitost\u00ed k prozkoum\u00e1n\u00ed tohoto d\u00e1nsk\u00e9ho ostrova s jeho kr\u00e1sn\u00fdmi v\u00fdhledy. Na trajektu jsou restaurace a obchody.<\/p>\n<\/span><\/div><\/div><\/div><div id=\"div_block-861-1354-6\" class=\"ct-div-block\" data-aos=\"fade-up\" data-aos-duration=\"800\" data-aos-once=\"true\" data-id=\"div_block-861-1354\"><div id=\"div_block-862-1354-6\" class=\"ct-div-block attraction-box\" data-id=\"div_block-862-1354\"><img decoding=\"async\" id=\"image-863-1354-6\" alt=\"\" src=\"https:\/\/azul-grzybowo.pl\/wp-content\/uploads\/2021\/07\/kolobrzeg-17-15-06-0656.jpg\" class=\"ct-image cover-image\" data-id=\"image-863-1354\"><\/div><div id=\"div_block-866-1354-6\" class=\"ct-div-block\" data-id=\"div_block-866-1354\"><div id=\"text_block-867-1354-6\" class=\"ct-text-block\" data-id=\"text_block-867-1354\"><span id=\"span-868-1354\" class=\"ct-span\" >V\u011bda<\/span><\/div><h3 id=\"headline-869-1354-6\" class=\"ct-headline section-heading\" data-id=\"headline-869-1354\"><span id=\"span-870-1354\" class=\"ct-span\" >Muzeum lod\u00ed<\/span><\/h3><div id=\"text_block-871-1354-6\" class=\"ct-text-block txt\" data-id=\"text_block-871-1354\"><span id=\"span-872-1354\" class=\"ct-span\" ><p>Polsk\u00e9 muzeum zbran\u00ed v Kolob\u0159ehu m\u00e1 bohatou sb\u00edrku militari\u00ed sahaj\u00edc\u00ed a\u017e do st\u0159edov\u011bku. Jeho sb\u00edrka zahrnuje i hl\u00eddkov\u00e9 plavidlo ORP Fala, kter\u00e9 je p\u0159\u00edstupn\u00e9 n\u00e1v\u0161t\u011bvn\u00edk\u016fm.<\/p>\n<\/span><\/div><\/div><\/div><div id=\"div_block-861-1354-7\" class=\"ct-div-block\" data-aos=\"fade-up\" data-aos-duration=\"800\" data-aos-once=\"true\" data-id=\"div_block-861-1354\"><div id=\"div_block-862-1354-7\" class=\"ct-div-block attraction-box\" data-id=\"div_block-862-1354\"><img decoding=\"async\" id=\"image-863-1354-7\" alt=\"\" src=\"https:\/\/azul-grzybowo.pl\/wp-content\/uploads\/2021\/07\/ynordic-walking-on-the-beach-MPV92H5.jpg\" class=\"ct-image cover-image\" data-id=\"image-863-1354\"><\/div><div id=\"div_block-866-1354-7\" class=\"ct-div-block\" data-id=\"div_block-866-1354\"><div id=\"text_block-867-1354-7\" class=\"ct-text-block\" data-id=\"text_block-867-1354\"><span id=\"span-868-1354\" class=\"ct-span\" >Aktivita<\/span><\/div><h3 id=\"headline-869-1354-7\" class=\"ct-headline section-heading\" data-id=\"headline-869-1354\"><span id=\"span-870-1354\" class=\"ct-span\" >Seversk\u00e1 ch\u016fze<\/span><\/h3><div id=\"text_block-871-1354-7\" class=\"ct-text-block txt\" data-id=\"text_block-871-1354\"><span id=\"span-872-1354\" class=\"ct-span\" ><p>Nordic Walking je skv\u011bl\u00fd n\u00e1pad pro ka\u017ed\u00e9ho, kdo chce aktivn\u011b str\u00e1vit \u010das b\u011bhem v\u00fdletu do Ko\u0142obrzegu. N\u00e1dhern\u00e9 v\u00fdhledy v bohat\u00e9 p\u0159\u00edrod\u011b okoln\u00edho prost\u0159ed\u00ed v\u00e1s budou doprov\u00e1zet b\u011bhem energick\u00fdch proch\u00e1zek.<\/p>\n<\/span><\/div><\/div><\/div><div id=\"div_block-861-1354-8\" class=\"ct-div-block\" data-aos=\"fade-up\" data-aos-duration=\"800\" data-aos-once=\"true\" data-id=\"div_block-861-1354\"><div id=\"div_block-862-1354-8\" class=\"ct-div-block attraction-box\" data-id=\"div_block-862-1354\"><img decoding=\"async\" id=\"image-863-1354-8\" alt=\"\" src=\"https:\/\/azul-grzybowo.pl\/wp-content\/uploads\/2021\/07\/fot3.jpg\" class=\"ct-image cover-image\" data-id=\"image-863-1354\"><\/div><div id=\"div_block-866-1354-8\" class=\"ct-div-block\" data-id=\"div_block-866-1354\"><div id=\"text_block-867-1354-8\" class=\"ct-text-block\" data-id=\"text_block-867-1354\"><span id=\"span-868-1354\" class=\"ct-span\" >Pro d\u011bti<\/span><\/div><h3 id=\"headline-869-1354-8\" class=\"ct-headline section-heading\" data-id=\"headline-869-1354\"><span id=\"span-870-1354\" class=\"ct-span\" >N\u00e1mo\u0159n\u00ed plavby na pir\u00e1tsk\u00e9 lodi<\/span><\/h3><div id=\"text_block-871-1354-8\" class=\"ct-text-block txt\" data-id=\"text_block-871-1354\"><span id=\"span-872-1354\" class=\"ct-span\" ><p>Plavby po mo\u0159i na pir\u00e1tsk\u00e9 lodi jsou skv\u011bl\u00fdm n\u00e1padem, jak se c\u00edtit jako opravdov\u00fd pir\u00e1t na stylizovan\u00e9 lodi \u2013 je to skv\u011bl\u00e1 atrakce pro d\u011bti! Plavby jsou k dispozici b\u011bhem pr\u00e1zdnin. Lo\u010f kotv\u00ed u maj\u00e1ku v Ko\u0142obrzegu.<\/p>\n<\/span><\/div><\/div><\/div><div id=\"div_block-861-1354-9\" class=\"ct-div-block\" data-aos=\"fade-up\" data-aos-duration=\"800\" data-aos-once=\"true\" data-id=\"div_block-861-1354\"><div id=\"div_block-862-1354-9\" class=\"ct-div-block attraction-box\" data-id=\"div_block-862-1354\"><img decoding=\"async\" id=\"image-863-1354-9\" alt=\"\" src=\"https:\/\/azul-grzybowo.pl\/wp-content\/uploads\/2021\/07\/kolobrzeg-17-15-01-3897.jpg\" class=\"ct-image cover-image\" data-id=\"image-863-1354\"><\/div><div id=\"div_block-866-1354-9\" class=\"ct-div-block\" data-id=\"div_block-866-1354\"><div id=\"text_block-867-1354-9\" class=\"ct-text-block\" data-id=\"text_block-867-1354\"><span id=\"span-868-1354\" class=\"ct-span\" >Rybolov<\/span><\/div><h3 id=\"headline-869-1354-9\" class=\"ct-headline section-heading\" data-id=\"headline-869-1354\"><span id=\"span-870-1354\" class=\"ct-span\" >Plavby za \u00fa\u010delem lovu tresky<\/span><\/h3><div id=\"text_block-871-1354-9\" class=\"ct-text-block txt\" data-id=\"text_block-871-1354\"><span id=\"span-872-1354\" class=\"ct-span\" ><p>Ryba\u0159sk\u00e9 plavby za \u00fa\u010delem lovu tresky v Ko\u0142obrzegu jsou lah\u016fdkou nejen pro milovn\u00edky ryba\u0159en\u00ed. V\u00fdlet je skv\u011bl\u00fdm \u010dasem k obdivov\u00e1n\u00ed kr\u00e1sn\u00fdch v\u00fdhled\u016f na mo\u0159e a k z\u00e1bav\u011b. K dispozici jsou i v\u00edcedenn\u00ed v\u00fdlety.<\/p>\n<\/span><\/div><\/div><\/div><\/div>\n<\/div><\/div><\/section>","protected":false},"excerpt":{"rendered":"","protected":false},"author":1,"featured_media":0,"parent":0,"menu_order":0,"comment_status":"closed","ping_status":"closed","template":"","meta":{"_acf_changed":false,"footnotes":""},"class_list":["post-1354","page","type-page","status-publish","hentry"],"acf":[],"yoast_head":"<!-- This site is optimized with the Yoast SEO plugin v23.3 - https:\/\/yoast.com\/wordpress\/plugins\/seo\/ -->\n<title>Atrakcje Grzybowo i Ko\u0142obrzeg - Co zwiedzi\u0107? | Azul<\/title>\n<meta name=\"description\" content=\"Poznaj atrakcje Grzybowa i okolic. Trasy rowerowe, szerokie pla\u017ce i spok\u00f3j. O\u015brodek Azul to idealna baza wypadowa na wypoczynek nad morzem.\" \/>\n<meta name=\"robots\" content=\"index, follow, max-snippet:-1, max-image-preview:large, max-video-preview:-1\" \/>\n<link rel=\"canonical\" href=\"https:\/\/azul-grzybowo.pl\/cs\/okolica\/\" \/>\n<meta property=\"og:locale\" content=\"cs_CZ\" \/>\n<meta property=\"og:type\" content=\"article\" \/>\n<meta property=\"og:title\" content=\"Atrakcje Grzybowo i Ko\u0142obrzeg - Co zwiedzi\u0107? | Azul\" \/>\n<meta property=\"og:description\" content=\"Poznaj atrakcje Grzybowa i okolic. Trasy rowerowe, szerokie pla\u017ce i spok\u00f3j. O\u015brodek Azul to idealna baza wypadowa na wypoczynek nad morzem.\" \/>\n<meta property=\"og:url\" content=\"https:\/\/azul-grzybowo.pl\/cs\/okolica\/\" \/>\n<meta property=\"og:site_name\" content=\"Azul Grzybowo\" \/>\n<meta property=\"article:modified_time\" content=\"2026-03-04T12:56:43+00:00\" \/>\n<meta name=\"twitter:card\" content=\"summary_large_image\" \/>\n<meta name=\"twitter:label1\" content=\"Odhadovan\u00e1 doba \u010dten\u00ed\" \/>\n\t<meta name=\"twitter:data1\" content=\"4 minuty\" \/>\n<script type=\"application\/ld+json\" class=\"yoast-schema-graph\">{\"@context\":\"https:\/\/schema.org\",\"@graph\":[{\"@type\":\"WebPage\",\"@id\":\"https:\/\/azul-grzybowo.pl\/okolica\",\"url\":\"https:\/\/azul-grzybowo.pl\/okolica\",\"name\":\"Atrakcje Grzybowo i Ko\u0142obrzeg - Co zwiedzi\u0107? | Azul\",\"isPartOf\":{\"@id\":\"https:\/\/azul-grzybowo.pl\/#website\"},\"datePublished\":\"2021-04-22T07:58:31+00:00\",\"dateModified\":\"2026-03-04T12:56:43+00:00\",\"description\":\"Poznaj atrakcje Grzybowa i okolic. Trasy rowerowe, szerokie pla\u017ce i spok\u00f3j. O\u015brodek Azul to idealna baza wypadowa na wypoczynek nad morzem.\",\"inLanguage\":\"cs\",\"potentialAction\":[{\"@type\":\"ReadAction\",\"target\":[\"https:\/\/azul-grzybowo.pl\/okolica\"]}]},{\"@type\":\"WebSite\",\"@id\":\"https:\/\/azul-grzybowo.pl\/#website\",\"url\":\"https:\/\/azul-grzybowo.pl\/\",\"name\":\"Azul Grzybowo\",\"description\":\"Noclegi nad Morzem\",\"potentialAction\":[{\"@type\":\"SearchAction\",\"target\":{\"@type\":\"EntryPoint\",\"urlTemplate\":\"https:\/\/azul-grzybowo.pl\/?s={search_term_string}\"},\"query-input\":\"required name=search_term_string\"}],\"inLanguage\":\"cs\"}]}<\/script>\n<!-- \/ Yoast SEO plugin. -->","yoast_head_json":{"title":"Atrakcje Grzybowo i Ko\u0142obrzeg - Co zwiedzi\u0107? | Azul","description":"Poznaj atrakcje Grzybowa i okolic. Trasy rowerowe, szerokie pla\u017ce i spok\u00f3j. O\u015brodek Azul to idealna baza wypadowa na wypoczynek nad morzem.","robots":{"index":"index","follow":"follow","max-snippet":"max-snippet:-1","max-image-preview":"max-image-preview:large","max-video-preview":"max-video-preview:-1"},"canonical":"https:\/\/azul-grzybowo.pl\/cs\/okolica\/","og_locale":"cs_CZ","og_type":"article","og_title":"Atrakcje Grzybowo i Ko\u0142obrzeg - Co zwiedzi\u0107? | Azul","og_description":"Poznaj atrakcje Grzybowa i okolic. Trasy rowerowe, szerokie pla\u017ce i spok\u00f3j. O\u015brodek Azul to idealna baza wypadowa na wypoczynek nad morzem.","og_url":"https:\/\/azul-grzybowo.pl\/cs\/okolica\/","og_site_name":"Azul Grzybowo","article_modified_time":"2026-03-04T12:56:43+00:00","twitter_card":"summary_large_image","twitter_misc":{"Odhadovan\u00e1 doba \u010dten\u00ed":"4 minuty"},"schema":{"@context":"https:\/\/schema.org","@graph":[{"@type":"WebPage","@id":"https:\/\/azul-grzybowo.pl\/okolica","url":"https:\/\/azul-grzybowo.pl\/okolica","name":"Atrakcje Grzybowo i Ko\u0142obrzeg - Co zwiedzi\u0107? | Azul","isPartOf":{"@id":"https:\/\/azul-grzybowo.pl\/#website"},"datePublished":"2021-04-22T07:58:31+00:00","dateModified":"2026-03-04T12:56:43+00:00","description":"Poznaj atrakcje Grzybowa i okolic. Trasy rowerowe, szerokie pla\u017ce i spok\u00f3j. O\u015brodek Azul to idealna baza wypadowa na wypoczynek nad morzem.","inLanguage":"cs","potentialAction":[{"@type":"ReadAction","target":["https:\/\/azul-grzybowo.pl\/okolica"]}]},{"@type":"WebSite","@id":"https:\/\/azul-grzybowo.pl\/#website","url":"https:\/\/azul-grzybowo.pl\/","name":"Azul Grzybowo","description":"Noclegi nad Morzem","potentialAction":[{"@type":"SearchAction","target":{"@type":"EntryPoint","urlTemplate":"https:\/\/azul-grzybowo.pl\/?s={search_term_string}"},"query-input":"required name=search_term_string"}],"inLanguage":"cs"}]}},"_links":{"self":[{"href":"https:\/\/azul-grzybowo.pl\/cs\/wp-json\/wp\/v2\/pages\/1354"}],"collection":[{"href":"https:\/\/azul-grzybowo.pl\/cs\/wp-json\/wp\/v2\/pages"}],"about":[{"href":"https:\/\/azul-grzybowo.pl\/cs\/wp-json\/wp\/v2\/types\/page"}],"author":[{"embeddable":true,"href":"https:\/\/azul-grzybowo.pl\/cs\/wp-json\/wp\/v2\/users\/1"}],"replies":[{"embeddable":true,"href":"https:\/\/azul-grzybowo.pl\/cs\/wp-json\/wp\/v2\/comments?post=1354"}],"version-history":[{"count":24,"href":"https:\/\/azul-grzybowo.pl\/cs\/wp-json\/wp\/v2\/pages\/1354\/revisions"}],"predecessor-version":[{"id":1917,"href":"https:\/\/azul-grzybowo.pl\/cs\/wp-json\/wp\/v2\/pages\/1354\/revisions\/1917"}],"wp:attachment":[{"href":"https:\/\/azul-grzybowo.pl\/cs\/wp-json\/wp\/v2\/media?parent=1354"}],"curies":[{"name":"wp","href":"https:\/\/api.w.org\/{rel}","templated":true}]}}