{"id":1627,"date":"2021-06-23T12:30:54","date_gmt":"2021-06-23T10:30:54","guid":{"rendered":"https:\/\/azul-grzybowo.pl\/?page_id=1627"},"modified":"2026-03-04T13:51:06","modified_gmt":"2026-03-04T12:51:06","slug":"strefa-relaksu","status":"publish","type":"page","link":"https:\/\/azul-grzybowo.pl\/cs\/strefa-relaksu","title":{"rendered":"Relaxa\u010dn\u00ed z\u00f3na"},"content":{"rendered":"<section id=\"section-3-1627\" class=\"ct-section\"  data-label=\"Rezerwacja\"><div class=\"ct-section-inner-wrap\">\n\t\t<div id=\"-carousel-builder-4-1627\" class=\"oxy-carousel-builder\" ><div class=\"oxy-carousel-builder_inner oxy-inner-content\" data-prev=\".oxy-carousel-builder_prev\" data-next=\".oxy-carousel-builder_next\" data-contain=\"true\" data-percent=\"true\" data-freescroll=\"false\" data-draggable=\"true\" data-wraparound=\"true\" data-carousel=\".oxy-dynamic-list\" data-cell=\"\" data-dragthreshold=\"3\" data-selectedattraction=\"0.025\" data-friction=\"0.28\" data-freescrollfriction=\"0.075\" data-forceheight=\"false\" data-fade=\"true\" data-tickerpause=\"true\" data-groupcells=\"1\" data-resume-autoplay=\"33\" data-autoplay=\"6000\" data-pauseautoplay=\"false\" data-hash=\"false\" data-initial=\"1\" data-accessibility=\"true\" data-cellalign=\"center\" data-righttoleft=\"false\" data-images-loaded=\"true\" data-pagedots=\"false\" data-trigger-aos=\"false\" data-clickselect=\"false\" data-tick=\"false\" ><div id=\"_dynamic_list-5-1627\" class=\"oxy-dynamic-list\"><div id=\"div_block-6-1627-1\" class=\"ct-div-block\" data-id=\"div_block-6-1627\"><img decoding=\"async\" id=\"image-7-1627-1\" alt=\"\" src=\"https:\/\/azul-grzybowo.pl\/wp-content\/uploads\/2021\/06\/189_azul-grzybowo-fot-stolz.jpg\" class=\"ct-image cover-image\" data-id=\"image-7-1627\"><\/div><div id=\"div_block-6-1627-2\" class=\"ct-div-block\" data-id=\"div_block-6-1627\"><img decoding=\"async\" id=\"image-7-1627-2\" alt=\"\" src=\"https:\/\/azul-grzybowo.pl\/wp-content\/uploads\/2021\/06\/187_azul-grzybowo-fot-stolz-1.jpg\" class=\"ct-image cover-image\" data-id=\"image-7-1627\"><\/div><div id=\"div_block-6-1627-3\" class=\"ct-div-block\" data-id=\"div_block-6-1627\"><img decoding=\"async\" id=\"image-7-1627-3\" alt=\"\" src=\"https:\/\/azul-grzybowo.pl\/wp-content\/uploads\/2021\/06\/173_azul-grzybowo-fot-stolz.jpg\" class=\"ct-image cover-image\" data-id=\"image-7-1627\"><\/div><\/div>\n<\/div><\/div>\n\n\t\t<div id=\"div_block-31-1627\" class=\"ct-div-block\" ><div id=\"text_block-43-1627\" class=\"ct-text-block hero-title\" ><span id=\"span-46-1627\" class=\"ct-span\" >\nVarov\u00e1n\u00ed: Pro foreach() byl v souboru \/usr\/home\/netfactory\/domains\/azul-grzybowo.pl\/public_html\/wp-content\/plugins\/oxygen\/component-framework\/includes\/oxygen-dynamic-shortcodes.php na \u0159\u00e1dku 459 zad\u00e1n neplatn\u00fd argument.\n<\/span><\/div><div id=\"div_block-35-1627\" class=\"ct-div-block\" ><\/div><div id=\"text_block-33-1627\" class=\"ct-text-block\" ><span id=\"span-34-1627\" class=\"ct-span\" >\nVarov\u00e1n\u00ed: Pro foreach() byl v souboru \/usr\/home\/netfactory\/domains\/azul-grzybowo.pl\/public_html\/wp-content\/plugins\/oxygen\/component-framework\/includes\/oxygen-dynamic-shortcodes.php na \u0159\u00e1dku 459 zad\u00e1n neplatn\u00fd argument.\n<\/span><\/div><\/div><\/div><\/section><section id=\"section-55-1627\" class=\"ct-section\" ><div class=\"ct-section-inner-wrap\"><div id=\"div_block-56-1627\" class=\"ct-div-block\" ><div id=\"div_block-57-1627\" class=\"ct-div-block\"  data-aos=\"fade\" data-aos-duration=\"1200\" data-aos-delay=\"1000\"><\/div><img decoding=\"async\"  id=\"image-58-1627\" alt=\"\" src=\"https:\/\/las-galeras.com\/wp-content\/uploads\/2020\/11\/dot-shape.png\" class=\"ct-image\" data-aos=\"fade\" data-aos-duration=\"800\" data-aos-delay=\"600\" data-aos-once=\"true\"\/><div id=\"div_block-59-1627\" class=\"ct-div-block\"  data-aos=\"fade-right\" data-aos-duration=\"1000\" data-aos-once=\"true\"><div id=\"div_block-60-1627\" class=\"ct-div-block\" ><div id=\"div_block-61-1627\" class=\"ct-div-block\" ><div id=\"text_block-62-1627\" class=\"ct-text-block harmony-small\" >\u010cAS NA RELAXACI<\/div><\/div><div id=\"div_block-63-1627\" class=\"ct-div-block\" ><h2 id=\"headline-64-1627\" class=\"ct-headline harmony-big\">Relaxa\u010dn\u00ed z\u00f3na \u2013 Rekrea\u010dn\u00ed centrum s baz\u00e9nem v Grzybowu<br><\/h2><div id=\"div_block-65-1627\" class=\"ct-div-block\" ><div id=\"div_block-66-1627\" class=\"ct-div-block\" ><\/div><div id=\"div_block-67-1627\" class=\"ct-div-block\" ><\/div><div id=\"div_block-68-1627\" class=\"ct-div-block\" ><\/div><\/div><\/div><\/div><div id=\"text_block-69-1627\" class=\"ct-text-block txt\" >Na\u0161e za\u0159\u00edzen\u00ed je navr\u017eeno tak, aby na\u0161im host\u016fm poskytlo ide\u00e1ln\u00ed podm\u00ednky pro dovolenou sn\u016f.&nbsp;<div><br><div><span style=\"font-family: Montserrat;\">V\u0161ichni na\u0161i host\u00e9 maj\u00ed mo\u017enost relaxovat v na\u0161\u00ed relaxa\u010dn\u00ed z\u00f3n\u011b, kter\u00e1 zahrnuje baz\u00e9n s hydromas\u00e1\u017e\u00ed a saunu.&nbsp;<\/span><\/div><div><span style=\"font-family: Montserrat;\"><br><\/span><\/div><div><span style=\"font-family: Montserrat;\">N\u00e1\u0161 baz\u00e9n nen\u00ed jen p\u0159\u00edle\u017eitost\u00ed k aktivn\u00edmu odpo\u010dinku, ale tak\u00e9 m\u00edstem, kde si d\u011bti mohou bezpe\u010dn\u011b zaplavat spole\u010dn\u011b se sv\u00fdmi rodi\u010di.&nbsp;<\/span><br><\/div><\/div><\/div><div id=\"div_block-70-1627\" class=\"ct-div-block\" ><a id=\"link-71-1627\" class=\"ct-link\" href=\"https:\/\/azul-grzybowo.pl\/cs\/galeria\/\" target=\"_self\"  ><div id=\"text_block-72-1627\" class=\"ct-text-block\" >Zobrazit fotografie<\/div><div id=\"fancy_icon-73-1627\" class=\"ct-fancy-icon\" ><svg id=\"svg-fancy_icon-73-1627\"><use xlink:href=\"#FontAwesomeicon-arrow-circle-right\"><\/use><\/svg><\/div><\/a><\/div><\/div><div id=\"div_block-74-1627\" class=\"ct-div-block\"  data-aos=\"fade-left\" data-aos-duration=\"1200\" data-aos-easing=\"ease-in-out\" data-aos-delay=\"400\" data-aos-once=\"true\"><\/div><\/div><\/div><\/section><section id=\"section-109-1627\" class=\"ct-section shapeContainer\" style=\"background-image:linear-gradient(rgba(0,0,0,0.45), rgba(0,0,0,0.45)), url(https:\/\/azul-grzybowo.pl\/wp-content\/uploads\/2021\/06\/187_azul-grzybowo-fot-stolz-1.jpg);background-size:auto,  cover;\" ><div class=\"ct-section-inner-wrap\"><div id=\"div_block-110-1627\" class=\"ct-div-block\" ><div id=\"text_block-111-1627\" class=\"ct-text-block\" >Otev\u00edrac\u00ed doba<\/div><div id=\"text_block-112-1627\" class=\"ct-text-block hero-title\" >OTEV\u0158ENO<\/div><div id=\"text_block-113-1627\" class=\"ct-text-block shape-text\" >Na\u0161e relaxa\u010dn\u00ed z\u00f3na je host\u016fm k dispozici 7 dn\u00ed v t\u00fddnu od 10:00 do 18:00. D\u011bti mus\u00ed b\u00fdt pod dohledem dosp\u011bl\u00e9 osoby.<\/div><a id=\"link_text-125-1627\" class=\"ct-link-text btn-white-outline\" href=\"https:\/\/azul-grzybowo.pl\/wp-content\/uploads\/2021\/07\/Regulamin-Strefa-Relaks.pdf\" target=\"_blank\"  >Statut&nbsp;<\/a><\/div><\/div><\/section><div id=\"div_block-84-1627\" class=\"ct-div-block\" ><div id=\"div_block-85-1627\" class=\"ct-div-block slick-slider\" >\n\t\t<div id=\"-carousel-builder-86-1627\" class=\"oxy-carousel-builder\" ><div class=\"oxy-carousel-builder_inner oxy-inner-content\" data-prev=\".oxy-carousel-builder_prev\" data-next=\".oxy-carousel-builder_next\" data-contain=\"true\" data-percent=\"true\" data-freescroll=\"false\" data-draggable=\"false\" data-wraparound=\"true\" data-carousel=\".oxy-dynamic-list\" data-cell=\"\" data-dragthreshold=\"3\" data-selectedattraction=\"0.025\" data-friction=\"0.28\" data-freescrollfriction=\"0.075\" data-forceheight=\"false\" data-fade=\"false\" data-tickerpause=\"true\" data-groupcells=\"1\" data-resume-autoplay=\"300\" data-autoplay=\"4000\" data-pauseautoplay=\"false\" data-hash=\"false\" data-initial=\"1\" data-accessibility=\"true\" data-cellalign=\"left\" data-righttoleft=\"false\" data-images-loaded=\"true\" data-pagedots=\"false\" data-trigger-aos=\"false\" data-clickselect=\"false\" data-tick=\"false\" ><div id=\"_dynamic_list-87-1627\" class=\"oxy-dynamic-list\"><div id=\"div_block-88-1627-1\" class=\"ct-div-block cell\" data-id=\"div_block-88-1627\"><img decoding=\"async\" id=\"image-89-1627-1\" alt=\"\" src=\"https:\/\/azul-grzybowo.pl\/wp-content\/uploads\/2021\/06\/173_azul-grzybowo-fot-stolz.jpg\" class=\"ct-image cover-image\" data-id=\"image-89-1627\"><\/div><div id=\"div_block-88-1627-2\" class=\"ct-div-block cell\" data-id=\"div_block-88-1627\"><img decoding=\"async\" id=\"image-89-1627-2\" alt=\"\" src=\"https:\/\/azul-grzybowo.pl\/wp-content\/uploads\/2021\/06\/176_azul-grzybowo-fot-stolz.jpg\" class=\"ct-image cover-image\" data-id=\"image-89-1627\"><\/div><div id=\"div_block-88-1627-3\" class=\"ct-div-block cell\" data-id=\"div_block-88-1627\"><img decoding=\"async\" id=\"image-89-1627-3\" alt=\"\" src=\"https:\/\/azul-grzybowo.pl\/wp-content\/uploads\/2021\/06\/185_azul-grzybowo-fot-stolz.jpg\" class=\"ct-image cover-image\" data-id=\"image-89-1627\"><\/div><div id=\"div_block-88-1627-4\" class=\"ct-div-block cell\" data-id=\"div_block-88-1627\"><img decoding=\"async\" id=\"image-89-1627-4\" alt=\"\" src=\"https:\/\/azul-grzybowo.pl\/wp-content\/uploads\/2021\/06\/191_azul-grzybowo-fot-stolz.jpg\" class=\"ct-image cover-image\" data-id=\"image-89-1627\"><\/div><div id=\"div_block-88-1627-5\" class=\"ct-div-block cell\" data-id=\"div_block-88-1627\"><img decoding=\"async\" id=\"image-89-1627-5\" alt=\"\" src=\"https:\/\/azul-grzybowo.pl\/wp-content\/uploads\/2021\/06\/188_azul-grzybowo-fot-stolz.jpg\" class=\"ct-image cover-image\" data-id=\"image-89-1627\"><\/div><\/div>\n<\/div><\/div>\n\n\t\t<\/div><\/div>","protected":false},"excerpt":{"rendered":"","protected":false},"author":1,"featured_media":0,"parent":0,"menu_order":0,"comment_status":"closed","ping_status":"closed","template":"","meta":{"_acf_changed":false,"footnotes":""},"class_list":["post-1627","page","type-page","status-publish","hentry"],"acf":[],"yoast_head":"<!-- This site is optimized with the Yoast SEO plugin v23.3 - https:\/\/yoast.com\/wordpress\/plugins\/seo\/ -->\n<title>O\u015brodek z Basenem i Saun\u0105 Grzybowo | Azul<\/title>\n<meta name=\"description\" content=\"Odpocznij w naszej strefie relaksu! O\u015brodek Azul oferuje kryty basen z hydromasa\u017cem i saun\u0119. Idealne pokoje na relaks nad Ba\u0142tykiem.\" \/>\n<meta name=\"robots\" content=\"index, follow, max-snippet:-1, max-image-preview:large, max-video-preview:-1\" \/>\n<link rel=\"canonical\" href=\"https:\/\/azul-grzybowo.pl\/cs\/strefa-relaksu\/\" \/>\n<meta property=\"og:locale\" content=\"cs_CZ\" \/>\n<meta property=\"og:type\" content=\"article\" \/>\n<meta property=\"og:title\" content=\"O\u015brodek z Basenem i Saun\u0105 Grzybowo | Azul\" \/>\n<meta property=\"og:description\" content=\"Odpocznij w naszej strefie relaksu! O\u015brodek Azul oferuje kryty basen z hydromasa\u017cem i saun\u0119. Idealne pokoje na relaks nad Ba\u0142tykiem.\" \/>\n<meta property=\"og:url\" content=\"https:\/\/azul-grzybowo.pl\/cs\/strefa-relaksu\/\" \/>\n<meta property=\"og:site_name\" content=\"Azul Grzybowo\" \/>\n<meta property=\"article:modified_time\" content=\"2026-03-04T12:51:06+00:00\" \/>\n<meta name=\"twitter:card\" content=\"summary_large_image\" \/>\n<meta name=\"twitter:label1\" content=\"Odhadovan\u00e1 doba \u010dten\u00ed\" \/>\n\t<meta name=\"twitter:data1\" content=\"3 minuty\" \/>\n<script type=\"application\/ld+json\" class=\"yoast-schema-graph\">{\"@context\":\"https:\/\/schema.org\",\"@graph\":[{\"@type\":\"WebPage\",\"@id\":\"https:\/\/azul-grzybowo.pl\/strefa-relaksu\",\"url\":\"https:\/\/azul-grzybowo.pl\/strefa-relaksu\",\"name\":\"O\u015brodek z Basenem i Saun\u0105 Grzybowo | Azul\",\"isPartOf\":{\"@id\":\"https:\/\/azul-grzybowo.pl\/#website\"},\"datePublished\":\"2021-06-23T10:30:54+00:00\",\"dateModified\":\"2026-03-04T12:51:06+00:00\",\"description\":\"Odpocznij w naszej strefie relaksu! O\u015brodek Azul oferuje kryty basen z hydromasa\u017cem i saun\u0119. Idealne pokoje na relaks nad Ba\u0142tykiem.\",\"inLanguage\":\"cs\",\"potentialAction\":[{\"@type\":\"ReadAction\",\"target\":[\"https:\/\/azul-grzybowo.pl\/strefa-relaksu\"]}]},{\"@type\":\"WebSite\",\"@id\":\"https:\/\/azul-grzybowo.pl\/#website\",\"url\":\"https:\/\/azul-grzybowo.pl\/\",\"name\":\"Azul Grzybowo\",\"description\":\"Noclegi nad Morzem\",\"potentialAction\":[{\"@type\":\"SearchAction\",\"target\":{\"@type\":\"EntryPoint\",\"urlTemplate\":\"https:\/\/azul-grzybowo.pl\/?s={search_term_string}\"},\"query-input\":\"required name=search_term_string\"}],\"inLanguage\":\"cs\"}]}<\/script>\n<!-- \/ Yoast SEO plugin. -->","yoast_head_json":{"title":"O\u015brodek z Basenem i Saun\u0105 Grzybowo | Azul","description":"Odpocznij w naszej strefie relaksu! O\u015brodek Azul oferuje kryty basen z hydromasa\u017cem i saun\u0119. Idealne pokoje na relaks nad Ba\u0142tykiem.","robots":{"index":"index","follow":"follow","max-snippet":"max-snippet:-1","max-image-preview":"max-image-preview:large","max-video-preview":"max-video-preview:-1"},"canonical":"https:\/\/azul-grzybowo.pl\/cs\/strefa-relaksu\/","og_locale":"cs_CZ","og_type":"article","og_title":"O\u015brodek z Basenem i Saun\u0105 Grzybowo | Azul","og_description":"Odpocznij w naszej strefie relaksu! O\u015brodek Azul oferuje kryty basen z hydromasa\u017cem i saun\u0119. Idealne pokoje na relaks nad Ba\u0142tykiem.","og_url":"https:\/\/azul-grzybowo.pl\/cs\/strefa-relaksu\/","og_site_name":"Azul Grzybowo","article_modified_time":"2026-03-04T12:51:06+00:00","twitter_card":"summary_large_image","twitter_misc":{"Odhadovan\u00e1 doba \u010dten\u00ed":"3 minuty"},"schema":{"@context":"https:\/\/schema.org","@graph":[{"@type":"WebPage","@id":"https:\/\/azul-grzybowo.pl\/strefa-relaksu","url":"https:\/\/azul-grzybowo.pl\/strefa-relaksu","name":"O\u015brodek z Basenem i Saun\u0105 Grzybowo | Azul","isPartOf":{"@id":"https:\/\/azul-grzybowo.pl\/#website"},"datePublished":"2021-06-23T10:30:54+00:00","dateModified":"2026-03-04T12:51:06+00:00","description":"Odpocznij w naszej strefie relaksu! O\u015brodek Azul oferuje kryty basen z hydromasa\u017cem i saun\u0119. Idealne pokoje na relaks nad Ba\u0142tykiem.","inLanguage":"cs","potentialAction":[{"@type":"ReadAction","target":["https:\/\/azul-grzybowo.pl\/strefa-relaksu"]}]},{"@type":"WebSite","@id":"https:\/\/azul-grzybowo.pl\/#website","url":"https:\/\/azul-grzybowo.pl\/","name":"Azul Grzybowo","description":"Noclegi nad Morzem","potentialAction":[{"@type":"SearchAction","target":{"@type":"EntryPoint","urlTemplate":"https:\/\/azul-grzybowo.pl\/?s={search_term_string}"},"query-input":"required name=search_term_string"}],"inLanguage":"cs"}]}},"_links":{"self":[{"href":"https:\/\/azul-grzybowo.pl\/cs\/wp-json\/wp\/v2\/pages\/1627"}],"collection":[{"href":"https:\/\/azul-grzybowo.pl\/cs\/wp-json\/wp\/v2\/pages"}],"about":[{"href":"https:\/\/azul-grzybowo.pl\/cs\/wp-json\/wp\/v2\/types\/page"}],"author":[{"embeddable":true,"href":"https:\/\/azul-grzybowo.pl\/cs\/wp-json\/wp\/v2\/users\/1"}],"replies":[{"embeddable":true,"href":"https:\/\/azul-grzybowo.pl\/cs\/wp-json\/wp\/v2\/comments?post=1627"}],"version-history":[{"count":6,"href":"https:\/\/azul-grzybowo.pl\/cs\/wp-json\/wp\/v2\/pages\/1627\/revisions"}],"predecessor-version":[{"id":1838,"href":"https:\/\/azul-grzybowo.pl\/cs\/wp-json\/wp\/v2\/pages\/1627\/revisions\/1838"}],"wp:attachment":[{"href":"https:\/\/azul-grzybowo.pl\/cs\/wp-json\/wp\/v2\/media?parent=1627"}],"curies":[{"name":"wp","href":"https:\/\/api.w.org\/{rel}","templated":true}]}}