{"id":1629,"date":"2021-06-23T12:31:21","date_gmt":"2021-06-23T10:31:21","guid":{"rendered":"https:\/\/azul-grzybowo.pl\/?page_id=1629"},"modified":"2026-03-04T13:58:51","modified_gmt":"2026-03-04T12:58:51","slug":"dla-dzieci","status":"publish","type":"page","link":"https:\/\/azul-grzybowo.pl\/cs\/dla-dzieci","title":{"rendered":"Pro d\u011bti"},"content":{"rendered":"","protected":false},"excerpt":{"rendered":"","protected":false},"author":1,"featured_media":0,"parent":0,"menu_order":0,"comment_status":"closed","ping_status":"closed","template":"","meta":{"_acf_changed":false,"footnotes":""},"class_list":["post-1629","page","type-page","status-publish","hentry"],"acf":[],"yoast_head":"<!-- This site is optimized with the Yoast SEO plugin v23.3 - https:\/\/yoast.com\/wordpress\/plugins\/seo\/ -->\n<title>Wakacje z Dzie\u0107mi Grzybowo - Sala Zabaw | Azul<\/title>\n<meta name=\"description\" content=\"O\u015brodek przyjazny rodzinom! Azul w Grzybowie oferuje sal\u0119 zabaw, plac zabaw i basen dla dzieci. Zarezerwuj pok\u00f3j blisko morza i atrakcji.\" \/>\n<meta name=\"robots\" content=\"index, follow, max-snippet:-1, max-image-preview:large, max-video-preview:-1\" \/>\n<link rel=\"canonical\" href=\"https:\/\/azul-grzybowo.pl\/cs\/dla-dzieci\/\" \/>\n<meta property=\"og:locale\" content=\"cs_CZ\" \/>\n<meta property=\"og:type\" content=\"article\" \/>\n<meta property=\"og:title\" content=\"Wakacje z Dzie\u0107mi Grzybowo - Sala Zabaw | Azul\" \/>\n<meta property=\"og:description\" content=\"O\u015brodek przyjazny rodzinom! Azul w Grzybowie oferuje sal\u0119 zabaw, plac zabaw i basen dla dzieci. Zarezerwuj pok\u00f3j blisko morza i atrakcji.\" \/>\n<meta property=\"og:url\" content=\"https:\/\/azul-grzybowo.pl\/cs\/dla-dzieci\/\" \/>\n<meta property=\"og:site_name\" content=\"Azul Grzybowo\" \/>\n<meta property=\"article:modified_time\" content=\"2026-03-04T12:58:51+00:00\" \/>\n<meta name=\"twitter:card\" content=\"summary_large_image\" \/>\n<meta name=\"twitter:label1\" content=\"Odhadovan\u00e1 doba \u010dten\u00ed\" \/>\n\t<meta name=\"twitter:data1\" content=\"3 minuty\" \/>\n<script type=\"application\/ld+json\" class=\"yoast-schema-graph\">{\"@context\":\"https:\/\/schema.org\",\"@graph\":[{\"@type\":\"WebPage\",\"@id\":\"https:\/\/azul-grzybowo.pl\/dla-dzieci\",\"url\":\"https:\/\/azul-grzybowo.pl\/dla-dzieci\",\"name\":\"Wakacje z Dzie\u0107mi Grzybowo - Sala Zabaw | Azul\",\"isPartOf\":{\"@id\":\"https:\/\/azul-grzybowo.pl\/#website\"},\"datePublished\":\"2021-06-23T10:31:21+00:00\",\"dateModified\":\"2026-03-04T12:58:51+00:00\",\"description\":\"O\u015brodek przyjazny rodzinom! Azul w Grzybowie oferuje sal\u0119 zabaw, plac zabaw i basen dla dzieci. Zarezerwuj pok\u00f3j blisko morza i atrakcji.\",\"inLanguage\":\"cs\",\"potentialAction\":[{\"@type\":\"ReadAction\",\"target\":[\"https:\/\/azul-grzybowo.pl\/dla-dzieci\"]}]},{\"@type\":\"WebSite\",\"@id\":\"https:\/\/azul-grzybowo.pl\/#website\",\"url\":\"https:\/\/azul-grzybowo.pl\/\",\"name\":\"Azul Grzybowo\",\"description\":\"Noclegi nad Morzem\",\"potentialAction\":[{\"@type\":\"SearchAction\",\"target\":{\"@type\":\"EntryPoint\",\"urlTemplate\":\"https:\/\/azul-grzybowo.pl\/?s={search_term_string}\"},\"query-input\":\"required name=search_term_string\"}],\"inLanguage\":\"cs\"}]}<\/script>\n<!-- \/ Yoast SEO plugin. -->","yoast_head_json":{"title":"Wakacje z Dzie\u0107mi Grzybowo - Sala Zabaw | Azul","description":"O\u015brodek przyjazny rodzinom! Azul w Grzybowie oferuje sal\u0119 zabaw, plac zabaw i basen dla dzieci. Zarezerwuj pok\u00f3j blisko morza i atrakcji.","robots":{"index":"index","follow":"follow","max-snippet":"max-snippet:-1","max-image-preview":"max-image-preview:large","max-video-preview":"max-video-preview:-1"},"canonical":"https:\/\/azul-grzybowo.pl\/cs\/dla-dzieci\/","og_locale":"cs_CZ","og_type":"article","og_title":"Wakacje z Dzie\u0107mi Grzybowo - Sala Zabaw | Azul","og_description":"O\u015brodek przyjazny rodzinom! Azul w Grzybowie oferuje sal\u0119 zabaw, plac zabaw i basen dla dzieci. Zarezerwuj pok\u00f3j blisko morza i atrakcji.","og_url":"https:\/\/azul-grzybowo.pl\/cs\/dla-dzieci\/","og_site_name":"Azul Grzybowo","article_modified_time":"2026-03-04T12:58:51+00:00","twitter_card":"summary_large_image","twitter_misc":{"Odhadovan\u00e1 doba \u010dten\u00ed":"3 minuty"},"schema":{"@context":"https:\/\/schema.org","@graph":[{"@type":"WebPage","@id":"https:\/\/azul-grzybowo.pl\/dla-dzieci","url":"https:\/\/azul-grzybowo.pl\/dla-dzieci","name":"Wakacje z Dzie\u0107mi Grzybowo - Sala Zabaw | Azul","isPartOf":{"@id":"https:\/\/azul-grzybowo.pl\/#website"},"datePublished":"2021-06-23T10:31:21+00:00","dateModified":"2026-03-04T12:58:51+00:00","description":"O\u015brodek przyjazny rodzinom! Azul w Grzybowie oferuje sal\u0119 zabaw, plac zabaw i basen dla dzieci. Zarezerwuj pok\u00f3j blisko morza i atrakcji.","inLanguage":"cs","potentialAction":[{"@type":"ReadAction","target":["https:\/\/azul-grzybowo.pl\/dla-dzieci"]}]},{"@type":"WebSite","@id":"https:\/\/azul-grzybowo.pl\/#website","url":"https:\/\/azul-grzybowo.pl\/","name":"Azul Grzybowo","description":"Noclegi nad Morzem","potentialAction":[{"@type":"SearchAction","target":{"@type":"EntryPoint","urlTemplate":"https:\/\/azul-grzybowo.pl\/?s={search_term_string}"},"query-input":"required name=search_term_string"}],"inLanguage":"cs"}]}},"_links":{"self":[{"href":"https:\/\/azul-grzybowo.pl\/cs\/wp-json\/wp\/v2\/pages\/1629"}],"collection":[{"href":"https:\/\/azul-grzybowo.pl\/cs\/wp-json\/wp\/v2\/pages"}],"about":[{"href":"https:\/\/azul-grzybowo.pl\/cs\/wp-json\/wp\/v2\/types\/page"}],"author":[{"embeddable":true,"href":"https:\/\/azul-grzybowo.pl\/cs\/wp-json\/wp\/v2\/users\/1"}],"replies":[{"embeddable":true,"href":"https:\/\/azul-grzybowo.pl\/cs\/wp-json\/wp\/v2\/comments?post=1629"}],"version-history":[{"count":2,"href":"https:\/\/azul-grzybowo.pl\/cs\/wp-json\/wp\/v2\/pages\/1629\/revisions"}],"predecessor-version":[{"id":1779,"href":"https:\/\/azul-grzybowo.pl\/cs\/wp-json\/wp\/v2\/pages\/1629\/revisions\/1779"}],"wp:attachment":[{"href":"https:\/\/azul-grzybowo.pl\/cs\/wp-json\/wp\/v2\/media?parent=1629"}],"curies":[{"name":"wp","href":"https:\/\/api.w.org\/{rel}","templated":true}]}}