{"id":1827,"date":"2021-07-13T08:29:16","date_gmt":"2021-07-13T06:29:16","guid":{"rendered":"https:\/\/azul-grzybowo.pl\/?page_id=1827"},"modified":"2026-03-04T14:02:43","modified_gmt":"2026-03-04T13:02:43","slug":"bufet","status":"publish","type":"page","link":"https:\/\/azul-grzybowo.pl\/cs\/bufet","title":{"rendered":"Bufet"},"content":{"rendered":"<section id=\"section-2-1625\" class=\"ct-section\"  data-label=\"Rezerwacja\"><div class=\"ct-section-inner-wrap\">\n\t\t<div id=\"-carousel-builder-3-1625\" class=\"oxy-carousel-builder\" ><div class=\"oxy-carousel-builder_inner oxy-inner-content\" data-prev=\".oxy-carousel-builder_prev\" data-next=\".oxy-carousel-builder_next\" data-contain=\"true\" data-percent=\"true\" data-freescroll=\"false\" data-draggable=\"true\" data-wraparound=\"true\" data-carousel=\".oxy-dynamic-list\" data-cell=\"\" data-dragthreshold=\"3\" data-selectedattraction=\"0.025\" data-friction=\"0.28\" data-freescrollfriction=\"0.075\" data-forceheight=\"false\" data-fade=\"true\" data-tickerpause=\"true\" data-groupcells=\"1\" data-resume-autoplay=\"33\" data-autoplay=\"6000\" data-pauseautoplay=\"false\" data-hash=\"false\" data-initial=\"1\" data-accessibility=\"true\" data-cellalign=\"center\" data-righttoleft=\"false\" data-images-loaded=\"true\" data-pagedots=\"false\" data-trigger-aos=\"false\" data-clickselect=\"false\" data-tick=\"false\" ><div id=\"_dynamic_list-4-1625\" class=\"oxy-dynamic-list\"><div id=\"div_block-5-1625-1\" class=\"ct-div-block\" data-id=\"div_block-5-1625\"><img decoding=\"async\" id=\"image-6-1625-1\" alt=\"\" src=\"https:\/\/azul-grzybowo.pl\/wp-content\/uploads\/2021\/06\/165_azul-grzybowo-fot-stolz.jpg\" class=\"ct-image cover-image\" data-id=\"image-6-1625\"><\/div><div id=\"div_block-5-1625-2\" class=\"ct-div-block\" data-id=\"div_block-5-1625\"><img decoding=\"async\" id=\"image-6-1625-2\" alt=\"\" src=\"https:\/\/azul-grzybowo.pl\/wp-content\/uploads\/2021\/06\/166_azul-grzybowo-fot-stolz.jpg\" class=\"ct-image cover-image\" data-id=\"image-6-1625\"><\/div><div id=\"div_block-5-1625-3\" class=\"ct-div-block\" data-id=\"div_block-5-1625\"><img decoding=\"async\" id=\"image-6-1625-3\" alt=\"\" src=\"https:\/\/azul-grzybowo.pl\/wp-content\/uploads\/2021\/06\/162_azul-grzybowo-fot-stolz.jpg\" class=\"ct-image cover-image\" data-id=\"image-6-1625\"><\/div><\/div>\n<\/div><\/div>\n\n\t\t<div id=\"div_block-7-1625\" class=\"ct-div-block\" ><div id=\"text_block-8-1625\" class=\"ct-text-block hero-title\" ><span id=\"span-9-1625\" class=\"ct-span\" >\nVarov\u00e1n\u00ed: Pro foreach() byl v souboru \/usr\/home\/netfactory\/domains\/azul-grzybowo.pl\/public_html\/wp-content\/plugins\/oxygen\/component-framework\/includes\/oxygen-dynamic-shortcodes.php na \u0159\u00e1dku 459 zad\u00e1n neplatn\u00fd argument.\n<\/span><\/div><div id=\"div_block-10-1625\" class=\"ct-div-block\" ><\/div><div id=\"text_block-11-1625\" class=\"ct-text-block\" ><span id=\"span-12-1625\" class=\"ct-span\" >\nVarov\u00e1n\u00ed: Pro foreach() byl v souboru \/usr\/home\/netfactory\/domains\/azul-grzybowo.pl\/public_html\/wp-content\/plugins\/oxygen\/component-framework\/includes\/oxygen-dynamic-shortcodes.php na \u0159\u00e1dku 459 zad\u00e1n neplatn\u00fd argument.\n<\/span><\/div><\/div><\/div><\/section><section id=\"section-21-1625\" class=\"ct-section\" ><div class=\"ct-section-inner-wrap\"><div id=\"div_block-22-1625\" class=\"ct-div-block\" ><div id=\"div_block-23-1625\" class=\"ct-div-block\"  data-aos=\"fade\" data-aos-duration=\"1100\" data-aos-once=\"true\"><div id=\"div_block-24-1625\" class=\"ct-div-block\" ><div id=\"div_block-25-1625\" class=\"ct-div-block\" ><\/div><div id=\"div_block-26-1625\" class=\"ct-div-block\" ><\/div><div id=\"div_block-27-1625\" class=\"ct-div-block\" ><\/div><\/div><\/div><div id=\"div_block-28-1625\" class=\"ct-div-block\" ><div id=\"div_block-29-1625\" class=\"ct-div-block\"  data-aos=\"fade-left\" data-aos-duration=\"1000\" data-aos-delay=\"200\" data-aos-once=\"true\"><div id=\"div_block-30-1625\" class=\"ct-div-block\" ><div id=\"text_block-31-1625\" class=\"ct-text-block harmony-small\" >Chutn\u00e1 j\u00eddla<\/div><\/div><div id=\"div_block-32-1625\" class=\"ct-div-block\" ><h2 id=\"headline-33-1625\" class=\"ct-headline harmony-big\">Sn\u00edda\u0148ov\u00fd bufet<\/h2><div id=\"div_block-34-1625\" class=\"ct-div-block\" ><div id=\"div_block-35-1625\" class=\"ct-div-block\" ><\/div><div id=\"div_block-36-1625\" class=\"ct-div-block\" ><\/div><div id=\"div_block-37-1625\" class=\"ct-div-block\" ><\/div><\/div><\/div><\/div><div id=\"text_block-38-1625\" class=\"ct-text-block txt\"  data-aos=\"fade-left\" data-aos-duration=\"1000\" data-aos-delay=\"400\" data-aos-once=\"true\">Azul nab\u00edz\u00ed host\u016fm lahodnou sn\u00eddani formou bufetu. Nab\u00edz\u00edme \u0161irok\u00fd v\u00fdb\u011br tepl\u00fdch i studen\u00fdch j\u00eddel, \u010derstv\u00e9ho pe\u010diva a aromatick\u00e9 k\u00e1vy a \u010daje.&nbsp;<div><br><\/div><div>Pro ty, kte\u0159\u00ed d\u00e1vaj\u00ed p\u0159ednost venkovn\u00edmu stolov\u00e1n\u00ed, m\u00e1me p\u0159ipraven\u00e9 stoly, kter\u00e9 jsou k dispozici b\u011bhem letn\u00ed sez\u00f3ny.<\/div><\/div><\/div><\/div><\/div><\/section><div id=\"div_block-44-1625\" class=\"ct-div-block\" ><div id=\"div_block-45-1625\" class=\"ct-div-block slick-slider\" >\n\t\t<div id=\"-carousel-builder-46-1625\" class=\"oxy-carousel-builder\" ><div class=\"oxy-carousel-builder_inner oxy-inner-content\" data-prev=\".oxy-carousel-builder_prev\" data-next=\".oxy-carousel-builder_next\" data-contain=\"true\" data-percent=\"true\" data-freescroll=\"false\" data-draggable=\"false\" data-wraparound=\"true\" data-carousel=\".oxy-dynamic-list\" data-cell=\"\" data-dragthreshold=\"3\" data-selectedattraction=\"0.025\" data-friction=\"0.28\" data-freescrollfriction=\"0.075\" data-forceheight=\"false\" data-fade=\"false\" data-tickerpause=\"true\" data-groupcells=\"1\" data-resume-autoplay=\"300\" data-autoplay=\"4000\" data-pauseautoplay=\"false\" data-hash=\"false\" data-initial=\"1\" data-accessibility=\"true\" data-cellalign=\"left\" data-righttoleft=\"false\" data-images-loaded=\"true\" data-pagedots=\"false\" data-trigger-aos=\"false\" data-clickselect=\"false\" data-tick=\"false\" ><div id=\"_dynamic_list-47-1625\" class=\"oxy-dynamic-list\"><div id=\"div_block-48-1625-1\" class=\"ct-div-block cell\" data-id=\"div_block-48-1625\"><img decoding=\"async\" id=\"image-49-1625-1\" alt=\"\" src=\"https:\/\/azul-grzybowo.pl\/wp-content\/uploads\/2021\/06\/152_azul-grzybowo-fot-stolz.jpg\" class=\"ct-image cover-image\" data-id=\"image-49-1625\"><\/div><div id=\"div_block-48-1625-2\" class=\"ct-div-block cell\" data-id=\"div_block-48-1625\"><img decoding=\"async\" id=\"image-49-1625-2\" alt=\"\" src=\"https:\/\/azul-grzybowo.pl\/wp-content\/uploads\/2021\/06\/150_azul-grzybowo-fot-stolz.jpg\" class=\"ct-image cover-image\" data-id=\"image-49-1625\"><\/div><div id=\"div_block-48-1625-3\" class=\"ct-div-block cell\" data-id=\"div_block-48-1625\"><img decoding=\"async\" id=\"image-49-1625-3\" alt=\"\" src=\"https:\/\/azul-grzybowo.pl\/wp-content\/uploads\/2021\/06\/146_azul-grzybowo-fot-stolz.jpg\" class=\"ct-image cover-image\" data-id=\"image-49-1625\"><\/div><div id=\"div_block-48-1625-4\" class=\"ct-div-block cell\" data-id=\"div_block-48-1625\"><img decoding=\"async\" id=\"image-49-1625-4\" alt=\"\" src=\"https:\/\/azul-grzybowo.pl\/wp-content\/uploads\/2021\/06\/144_azul-grzybowo-fot-stolz-1.jpg\" class=\"ct-image cover-image\" data-id=\"image-49-1625\"><\/div><div id=\"div_block-48-1625-5\" class=\"ct-div-block cell\" data-id=\"div_block-48-1625\"><img decoding=\"async\" id=\"image-49-1625-5\" alt=\"\" src=\"https:\/\/azul-grzybowo.pl\/wp-content\/uploads\/2021\/06\/157_azul-grzybowo-fot-stolz.jpg\" class=\"ct-image cover-image\" data-id=\"image-49-1625\"><\/div><\/div>\n<\/div><\/div>\n\n\t\t<\/div><\/div>","protected":false},"excerpt":{"rendered":"","protected":false},"author":1,"featured_media":0,"parent":0,"menu_order":0,"comment_status":"closed","ping_status":"closed","template":"","meta":{"_acf_changed":false,"footnotes":""},"class_list":["post-1827","page","type-page","status-publish","hentry"],"acf":[],"yoast_head":"<!-- This site is optimized with the Yoast SEO plugin v23.3 - https:\/\/yoast.com\/wordpress\/plugins\/seo\/ -->\n<title>Noclegi ze \u015aniadaniem Grzybowo - Bufet | Azul<\/title>\n<meta name=\"description\" content=\"Pyszne \u015bniadania w formie bufetu w o\u015brodku Azul! Wybierz pokoje z wy\u017cywieniem w Grzybowie i zacznij dzie\u0144 od aromatycznej kawy.\" \/>\n<meta name=\"robots\" content=\"index, follow, max-snippet:-1, max-image-preview:large, max-video-preview:-1\" \/>\n<link rel=\"canonical\" href=\"https:\/\/azul-grzybowo.pl\/cs\/bufet\/\" \/>\n<meta property=\"og:locale\" content=\"cs_CZ\" \/>\n<meta property=\"og:type\" content=\"article\" \/>\n<meta property=\"og:title\" content=\"Noclegi ze \u015aniadaniem Grzybowo - Bufet | Azul\" \/>\n<meta property=\"og:description\" content=\"Pyszne \u015bniadania w formie bufetu w o\u015brodku Azul! Wybierz pokoje z wy\u017cywieniem w Grzybowie i zacznij dzie\u0144 od aromatycznej kawy.\" \/>\n<meta property=\"og:url\" content=\"https:\/\/azul-grzybowo.pl\/cs\/bufet\/\" \/>\n<meta property=\"og:site_name\" content=\"Azul Grzybowo\" \/>\n<meta property=\"article:modified_time\" content=\"2026-03-04T13:02:43+00:00\" \/>\n<meta name=\"twitter:card\" content=\"summary_large_image\" \/>\n<meta name=\"twitter:label1\" content=\"Odhadovan\u00e1 doba \u010dten\u00ed\" \/>\n\t<meta name=\"twitter:data1\" content=\"3 minuty\" \/>\n<script type=\"application\/ld+json\" class=\"yoast-schema-graph\">{\"@context\":\"https:\/\/schema.org\",\"@graph\":[{\"@type\":\"WebPage\",\"@id\":\"https:\/\/azul-grzybowo.pl\/bufet\",\"url\":\"https:\/\/azul-grzybowo.pl\/bufet\",\"name\":\"Noclegi ze \u015aniadaniem Grzybowo - Bufet | Azul\",\"isPartOf\":{\"@id\":\"https:\/\/azul-grzybowo.pl\/#website\"},\"datePublished\":\"2021-07-13T06:29:16+00:00\",\"dateModified\":\"2026-03-04T13:02:43+00:00\",\"description\":\"Pyszne \u015bniadania w formie bufetu w o\u015brodku Azul! Wybierz pokoje z wy\u017cywieniem w Grzybowie i zacznij dzie\u0144 od aromatycznej kawy.\",\"inLanguage\":\"cs\",\"potentialAction\":[{\"@type\":\"ReadAction\",\"target\":[\"https:\/\/azul-grzybowo.pl\/bufet\"]}]},{\"@type\":\"WebSite\",\"@id\":\"https:\/\/azul-grzybowo.pl\/#website\",\"url\":\"https:\/\/azul-grzybowo.pl\/\",\"name\":\"Azul Grzybowo\",\"description\":\"Noclegi nad Morzem\",\"potentialAction\":[{\"@type\":\"SearchAction\",\"target\":{\"@type\":\"EntryPoint\",\"urlTemplate\":\"https:\/\/azul-grzybowo.pl\/?s={search_term_string}\"},\"query-input\":\"required name=search_term_string\"}],\"inLanguage\":\"cs\"}]}<\/script>\n<!-- \/ Yoast SEO plugin. -->","yoast_head_json":{"title":"Noclegi ze \u015aniadaniem Grzybowo - Bufet | Azul","description":"Pyszne \u015bniadania w formie bufetu w o\u015brodku Azul! Wybierz pokoje z wy\u017cywieniem w Grzybowie i zacznij dzie\u0144 od aromatycznej kawy.","robots":{"index":"index","follow":"follow","max-snippet":"max-snippet:-1","max-image-preview":"max-image-preview:large","max-video-preview":"max-video-preview:-1"},"canonical":"https:\/\/azul-grzybowo.pl\/cs\/bufet\/","og_locale":"cs_CZ","og_type":"article","og_title":"Noclegi ze \u015aniadaniem Grzybowo - Bufet | Azul","og_description":"Pyszne \u015bniadania w formie bufetu w o\u015brodku Azul! Wybierz pokoje z wy\u017cywieniem w Grzybowie i zacznij dzie\u0144 od aromatycznej kawy.","og_url":"https:\/\/azul-grzybowo.pl\/cs\/bufet\/","og_site_name":"Azul Grzybowo","article_modified_time":"2026-03-04T13:02:43+00:00","twitter_card":"summary_large_image","twitter_misc":{"Odhadovan\u00e1 doba \u010dten\u00ed":"3 minuty"},"schema":{"@context":"https:\/\/schema.org","@graph":[{"@type":"WebPage","@id":"https:\/\/azul-grzybowo.pl\/bufet","url":"https:\/\/azul-grzybowo.pl\/bufet","name":"Noclegi ze \u015aniadaniem Grzybowo - Bufet | Azul","isPartOf":{"@id":"https:\/\/azul-grzybowo.pl\/#website"},"datePublished":"2021-07-13T06:29:16+00:00","dateModified":"2026-03-04T13:02:43+00:00","description":"Pyszne \u015bniadania w formie bufetu w o\u015brodku Azul! Wybierz pokoje z wy\u017cywieniem w Grzybowie i zacznij dzie\u0144 od aromatycznej kawy.","inLanguage":"cs","potentialAction":[{"@type":"ReadAction","target":["https:\/\/azul-grzybowo.pl\/bufet"]}]},{"@type":"WebSite","@id":"https:\/\/azul-grzybowo.pl\/#website","url":"https:\/\/azul-grzybowo.pl\/","name":"Azul Grzybowo","description":"Noclegi nad Morzem","potentialAction":[{"@type":"SearchAction","target":{"@type":"EntryPoint","urlTemplate":"https:\/\/azul-grzybowo.pl\/?s={search_term_string}"},"query-input":"required name=search_term_string"}],"inLanguage":"cs"}]}},"_links":{"self":[{"href":"https:\/\/azul-grzybowo.pl\/cs\/wp-json\/wp\/v2\/pages\/1827"}],"collection":[{"href":"https:\/\/azul-grzybowo.pl\/cs\/wp-json\/wp\/v2\/pages"}],"about":[{"href":"https:\/\/azul-grzybowo.pl\/cs\/wp-json\/wp\/v2\/types\/page"}],"author":[{"embeddable":true,"href":"https:\/\/azul-grzybowo.pl\/cs\/wp-json\/wp\/v2\/users\/1"}],"replies":[{"embeddable":true,"href":"https:\/\/azul-grzybowo.pl\/cs\/wp-json\/wp\/v2\/comments?post=1827"}],"version-history":[{"count":5,"href":"https:\/\/azul-grzybowo.pl\/cs\/wp-json\/wp\/v2\/pages\/1827\/revisions"}],"predecessor-version":[{"id":1839,"href":"https:\/\/azul-grzybowo.pl\/cs\/wp-json\/wp\/v2\/pages\/1827\/revisions\/1839"}],"wp:attachment":[{"href":"https:\/\/azul-grzybowo.pl\/cs\/wp-json\/wp\/v2\/media?parent=1827"}],"curies":[{"name":"wp","href":"https:\/\/api.w.org\/{rel}","templated":true}]}}