{"id":540,"date":"2020-09-10T10:56:51","date_gmt":"2020-09-10T08:56:51","guid":{"rendered":"https:\/\/azul-grzybowo.pl\/?page_id=540"},"modified":"2026-03-04T14:08:00","modified_gmt":"2026-03-04T13:08:00","slug":"galeria","status":"publish","type":"page","link":"https:\/\/azul-grzybowo.pl\/de\/galeria","title":{"rendered":"Galerie"},"content":{"rendered":"<section id=\"section-180-540\" class=\"ct-section\" ><div class=\"ct-section-inner-wrap\"><div id=\"text_block-217-540\" class=\"ct-text-block\" >Galerie<\/div><div id=\"text_block-66-540\" class=\"ct-text-block title\" >Siehe unsere Fotos<\/div><div id=\"_tabs-181-540\" class=\"oxy-tabs-wrapper oxy-tabs\" data-oxy-tabs-active-tab-class='tabs-9180-tab-active' data-oxy-tabs-contents-wrapper='_tabs_contents-202-540' >\nWarnung: Ung\u00fcltiges Argument f\u00fcr foreach() in \/usr\/home\/netfactory\/domains\/azul-grzybowo.pl\/public_html\/wp-content\/plugins\/oxygen\/component-framework\/includes\/oxygen-dynamic-shortcodes.php in Zeile 459. Warnung: Ung\u00fcltiges Argument f\u00fcr foreach() in \/usr\/home\/netfactory\/domains\/azul-grzybowo.pl\/public_html\/wp-content\/plugins\/oxygen\/component-framework\/includes\/oxygen-dynamic-shortcodes.php in Zeile 459. Warnung: Ung\u00fcltiges Argument f\u00fcr foreach() in \/usr\/home\/netfactory\/domains\/azul-grzybowo.pl\/public_html\/wp-content\/plugins\/oxygen\/component-framework\/includes\/oxygen-dynamic-shortcodes.php in Zeile 459. Warnung: Ung\u00fcltiges Argument f\u00fcr foreach() in \/usr\/home\/netfactory\/domains\/azul-grzybowo.pl\/public_html\/wp-content\/plugins\/oxygen\/component-framework\/includes\/oxygen-dynamic-shortcodes.php in Zeile 459. Warnung: Ung\u00fcltiges Argument f\u00fcr foreach() in \/usr\/home\/netfactory\/domains\/azul-grzybowo.pl\/public_html\/wp-content\/plugins\/oxygen\/component-framework\/includes\/oxygen-dynamic-shortcodes.php in Zeile 459. Warnung: Ung\u00fcltiges Argument f\u00fcr foreach() in \/usr\/home\/netfactory\/domains\/azul-grzybowo.pl\/public_html\/wp-content\/plugins\/oxygen\/component-framework\/includes\/oxygen-dynamic-shortcodes.php in Zeile 459.\n<div id=\"_tab-182-540\" class=\"oxy-tab tabs-9180-tab tabs-9180-tab-active\" ><div id=\"text_block-183-540\" class=\"ct-text-block\" >Alle<\/div><\/div><\/div><div id=\"_tabs_contents-202-540\" class=\"oxy-tabs-contents-wrapper oxy-tabs-contents\" >\nWarnung: Ung\u00fcltiges Argument f\u00fcr foreach() in \/usr\/home\/netfactory\/domains\/azul-grzybowo.pl\/public_html\/wp-content\/plugins\/oxygen\/component-framework\/includes\/oxygen-dynamic-shortcodes.php in Zeile 459. Warnung: Ung\u00fcltiges Argument f\u00fcr foreach() in \/usr\/home\/netfactory\/domains\/azul-grzybowo.pl\/public_html\/wp-content\/plugins\/oxygen\/component-framework\/includes\/oxygen-dynamic-shortcodes.php in Zeile 459. Warnung: Ung\u00fcltiges Argument f\u00fcr foreach() in \/usr\/home\/netfactory\/domains\/azul-grzybowo.pl\/public_html\/wp-content\/plugins\/oxygen\/component-framework\/includes\/oxygen-dynamic-shortcodes.php in Zeile 459. Warnung: Ung\u00fcltiges Argument f\u00fcr foreach() in \/usr\/home\/netfactory\/domains\/azul-grzybowo.pl\/public_html\/wp-content\/plugins\/oxygen\/component-framework\/includes\/oxygen-dynamic-shortcodes.php in Zeile 459. Warnung: Ung\u00fcltiges Argument f\u00fcr foreach() in \/usr\/home\/netfactory\/domains\/azul-grzybowo.pl\/public_html\/wp-content\/plugins\/oxygen\/component-framework\/includes\/oxygen-dynamic-shortcodes.php in Zeile 459. Warnung: Ung\u00fcltiges Argument f\u00fcr foreach() in \/usr\/home\/netfactory\/domains\/azul-grzybowo.pl\/public_html\/wp-content\/plugins\/oxygen\/component-framework\/includes\/oxygen-dynamic-shortcodes.php in Zeile 459.\n<div id=\"_tab_content-203-540\" class=\"oxy-tab-content tabs-contents-9180-tab  oxy-tabs-contents-content-hidden\" ><div id=\"code_block-204-540\" class=\"ct-code-block\" ><div id=\"gallery-all\" class=\"oxy-gallery gallery-container oxy-gallery-captions oxy-gallery-flex\"><\/div><\/div><\/div><\/div><script type=\"text\/javascript\">var firstTab = document.querySelector('#_tabs_contents-202-540 > .oxy-tabs-contents-content-hidden:first-child'); if(firstTab && firstTab.classList){firstTab.classList.remove(\"oxy-tabs-contents-content-hidden\")};<\/script><\/div><\/section>","protected":false},"excerpt":{"rendered":"","protected":false},"author":1,"featured_media":0,"parent":0,"menu_order":0,"comment_status":"closed","ping_status":"closed","template":"","meta":{"_acf_changed":false,"footnotes":""},"class_list":["post-540","page","type-page","status-publish","hentry"],"acf":[],"yoast_head":"<!-- This site is optimized with the Yoast SEO plugin v23.3 - https:\/\/yoast.com\/wordpress\/plugins\/seo\/ -->\n<title>Azul Grzybowo - Galeria Zdj\u0119\u0107 O\u015brodka i Pokoi<\/title>\n<meta name=\"description\" content=\"Zobacz zdj\u0119cia O\u015brodka Wypoczynkowego Azul w Grzybowie. Obejrzyj pokoje, basen, stref\u0119 relaksu, plac zabaw. Tak wygl\u0105daj\u0105 wakacje nad morzem.\" \/>\n<meta name=\"robots\" content=\"index, follow, max-snippet:-1, max-image-preview:large, max-video-preview:-1\" \/>\n<link rel=\"canonical\" href=\"https:\/\/azul-grzybowo.pl\/de\/galeria\/\" \/>\n<meta property=\"og:locale\" content=\"de_DE\" \/>\n<meta property=\"og:type\" content=\"article\" \/>\n<meta property=\"og:title\" content=\"Azul Grzybowo - Galeria Zdj\u0119\u0107 O\u015brodka i Pokoi\" \/>\n<meta property=\"og:description\" content=\"Zobacz zdj\u0119cia O\u015brodka Wypoczynkowego Azul w Grzybowie. Obejrzyj pokoje, basen, stref\u0119 relaksu, plac zabaw. Tak wygl\u0105daj\u0105 wakacje nad morzem.\" \/>\n<meta property=\"og:url\" content=\"https:\/\/azul-grzybowo.pl\/de\/galeria\/\" \/>\n<meta property=\"og:site_name\" content=\"Azul Grzybowo\" \/>\n<meta property=\"article:modified_time\" content=\"2026-03-04T13:08:00+00:00\" \/>\n<meta name=\"twitter:card\" content=\"summary_large_image\" \/>\n<meta name=\"twitter:label1\" content=\"Gesch\u00e4tzte Lesezeit\" \/>\n\t<meta name=\"twitter:data1\" content=\"1\u00a0Minute\" \/>\n<script type=\"application\/ld+json\" class=\"yoast-schema-graph\">{\"@context\":\"https:\/\/schema.org\",\"@graph\":[{\"@type\":\"WebPage\",\"@id\":\"https:\/\/azul-grzybowo.pl\/galeria\",\"url\":\"https:\/\/azul-grzybowo.pl\/galeria\",\"name\":\"Azul Grzybowo - Galeria Zdj\u0119\u0107 O\u015brodka i Pokoi\",\"isPartOf\":{\"@id\":\"https:\/\/azul-grzybowo.pl\/#website\"},\"datePublished\":\"2020-09-10T08:56:51+00:00\",\"dateModified\":\"2026-03-04T13:08:00+00:00\",\"description\":\"Zobacz zdj\u0119cia O\u015brodka Wypoczynkowego Azul w Grzybowie. Obejrzyj pokoje, basen, stref\u0119 relaksu, plac zabaw. Tak wygl\u0105daj\u0105 wakacje nad morzem.\",\"inLanguage\":\"de\",\"potentialAction\":[{\"@type\":\"ReadAction\",\"target\":[\"https:\/\/azul-grzybowo.pl\/galeria\"]}]},{\"@type\":\"WebSite\",\"@id\":\"https:\/\/azul-grzybowo.pl\/#website\",\"url\":\"https:\/\/azul-grzybowo.pl\/\",\"name\":\"Azul Grzybowo\",\"description\":\"Noclegi nad Morzem\",\"potentialAction\":[{\"@type\":\"SearchAction\",\"target\":{\"@type\":\"EntryPoint\",\"urlTemplate\":\"https:\/\/azul-grzybowo.pl\/?s={search_term_string}\"},\"query-input\":\"required name=search_term_string\"}],\"inLanguage\":\"de\"}]}<\/script>\n<!-- \/ Yoast SEO plugin. -->","yoast_head_json":{"title":"Azul Grzybowo - Galeria Zdj\u0119\u0107 O\u015brodka i Pokoi","description":"Zobacz zdj\u0119cia O\u015brodka Wypoczynkowego Azul w Grzybowie. Obejrzyj pokoje, basen, stref\u0119 relaksu, plac zabaw. Tak wygl\u0105daj\u0105 wakacje nad morzem.","robots":{"index":"index","follow":"follow","max-snippet":"max-snippet:-1","max-image-preview":"max-image-preview:large","max-video-preview":"max-video-preview:-1"},"canonical":"https:\/\/azul-grzybowo.pl\/de\/galeria\/","og_locale":"de_DE","og_type":"article","og_title":"Azul Grzybowo - Galeria Zdj\u0119\u0107 O\u015brodka i Pokoi","og_description":"Zobacz zdj\u0119cia O\u015brodka Wypoczynkowego Azul w Grzybowie. Obejrzyj pokoje, basen, stref\u0119 relaksu, plac zabaw. Tak wygl\u0105daj\u0105 wakacje nad morzem.","og_url":"https:\/\/azul-grzybowo.pl\/de\/galeria\/","og_site_name":"Azul Grzybowo","article_modified_time":"2026-03-04T13:08:00+00:00","twitter_card":"summary_large_image","twitter_misc":{"Gesch\u00e4tzte Lesezeit":"1\u00a0Minute"},"schema":{"@context":"https:\/\/schema.org","@graph":[{"@type":"WebPage","@id":"https:\/\/azul-grzybowo.pl\/galeria","url":"https:\/\/azul-grzybowo.pl\/galeria","name":"Azul Grzybowo - Galeria Zdj\u0119\u0107 O\u015brodka i Pokoi","isPartOf":{"@id":"https:\/\/azul-grzybowo.pl\/#website"},"datePublished":"2020-09-10T08:56:51+00:00","dateModified":"2026-03-04T13:08:00+00:00","description":"Zobacz zdj\u0119cia O\u015brodka Wypoczynkowego Azul w Grzybowie. Obejrzyj pokoje, basen, stref\u0119 relaksu, plac zabaw. Tak wygl\u0105daj\u0105 wakacje nad morzem.","inLanguage":"de","potentialAction":[{"@type":"ReadAction","target":["https:\/\/azul-grzybowo.pl\/galeria"]}]},{"@type":"WebSite","@id":"https:\/\/azul-grzybowo.pl\/#website","url":"https:\/\/azul-grzybowo.pl\/","name":"Azul Grzybowo","description":"Noclegi nad Morzem","potentialAction":[{"@type":"SearchAction","target":{"@type":"EntryPoint","urlTemplate":"https:\/\/azul-grzybowo.pl\/?s={search_term_string}"},"query-input":"required name=search_term_string"}],"inLanguage":"de"}]}},"_links":{"self":[{"href":"https:\/\/azul-grzybowo.pl\/de\/wp-json\/wp\/v2\/pages\/540"}],"collection":[{"href":"https:\/\/azul-grzybowo.pl\/de\/wp-json\/wp\/v2\/pages"}],"about":[{"href":"https:\/\/azul-grzybowo.pl\/de\/wp-json\/wp\/v2\/types\/page"}],"author":[{"embeddable":true,"href":"https:\/\/azul-grzybowo.pl\/de\/wp-json\/wp\/v2\/users\/1"}],"replies":[{"embeddable":true,"href":"https:\/\/azul-grzybowo.pl\/de\/wp-json\/wp\/v2\/comments?post=540"}],"version-history":[{"count":26,"href":"https:\/\/azul-grzybowo.pl\/de\/wp-json\/wp\/v2\/pages\/540\/revisions"}],"predecessor-version":[{"id":1826,"href":"https:\/\/azul-grzybowo.pl\/de\/wp-json\/wp\/v2\/pages\/540\/revisions\/1826"}],"wp:attachment":[{"href":"https:\/\/azul-grzybowo.pl\/de\/wp-json\/wp\/v2\/media?parent=540"}],"curies":[{"name":"wp","href":"https:\/\/api.w.org\/{rel}","templated":true}]}}