{"id":588,"date":"2020-12-09T11:53:38","date_gmt":"2020-12-09T10:53:38","guid":{"rendered":"https:\/\/azul-grzybowo.pl\/?page_id=588"},"modified":"2026-03-04T14:07:07","modified_gmt":"2026-03-04T13:07:07","slug":"kontakt","status":"publish","type":"page","link":"https:\/\/azul-grzybowo.pl\/de\/kontakt","title":{"rendered":"Kontakt"},"content":{"rendered":"","protected":false},"excerpt":{"rendered":"","protected":false},"author":1,"featured_media":0,"parent":0,"menu_order":0,"comment_status":"closed","ping_status":"closed","template":"","meta":{"_acf_changed":false,"footnotes":""},"class_list":["post-588","page","type-page","status-publish","hentry"],"acf":[],"yoast_head":"<!-- This site is optimized with the Yoast SEO plugin v23.3 - https:\/\/yoast.com\/wordpress\/plugins\/seo\/ -->\n<title>Kontakt i Rezerwacja - Azul Grzybowo | Zapraszamy<\/title>\n<meta name=\"description\" content=\"Chcesz zarezerwowa\u0107 pok\u00f3j w Grzybowie? Skontaktuj si\u0119 z O\u015brodkiem Azul. Sprawd\u017a adres, numer telefonu i map\u0119 dojazdu do obiektu blisko pla\u017cy.\" \/>\n<meta name=\"robots\" content=\"index, follow, max-snippet:-1, max-image-preview:large, max-video-preview:-1\" \/>\n<link rel=\"canonical\" href=\"https:\/\/azul-grzybowo.pl\/de\/kontakt\/\" \/>\n<meta property=\"og:locale\" content=\"de_DE\" \/>\n<meta property=\"og:type\" content=\"article\" \/>\n<meta property=\"og:title\" content=\"Kontakt i Rezerwacja - Azul Grzybowo | Zapraszamy\" \/>\n<meta property=\"og:description\" content=\"Chcesz zarezerwowa\u0107 pok\u00f3j w Grzybowie? Skontaktuj si\u0119 z O\u015brodkiem Azul. Sprawd\u017a adres, numer telefonu i map\u0119 dojazdu do obiektu blisko pla\u017cy.\" \/>\n<meta property=\"og:url\" content=\"https:\/\/azul-grzybowo.pl\/de\/kontakt\/\" \/>\n<meta property=\"og:site_name\" content=\"Azul Grzybowo\" \/>\n<meta property=\"article:modified_time\" content=\"2026-03-04T13:07:07+00:00\" \/>\n<meta name=\"twitter:card\" content=\"summary_large_image\" \/>\n<meta name=\"twitter:label1\" content=\"Gesch\u00e4tzte Lesezeit\" \/>\n\t<meta name=\"twitter:data1\" content=\"1\u00a0Minute\" \/>\n<script type=\"application\/ld+json\" class=\"yoast-schema-graph\">{\"@context\":\"https:\/\/schema.org\",\"@graph\":[{\"@type\":\"WebPage\",\"@id\":\"https:\/\/azul-grzybowo.pl\/kontakt\",\"url\":\"https:\/\/azul-grzybowo.pl\/kontakt\",\"name\":\"Kontakt i Rezerwacja - Azul Grzybowo | Zapraszamy\",\"isPartOf\":{\"@id\":\"https:\/\/azul-grzybowo.pl\/#website\"},\"datePublished\":\"2020-12-09T10:53:38+00:00\",\"dateModified\":\"2026-03-04T13:07:07+00:00\",\"description\":\"Chcesz zarezerwowa\u0107 pok\u00f3j w Grzybowie? Skontaktuj si\u0119 z O\u015brodkiem Azul. Sprawd\u017a adres, numer telefonu i map\u0119 dojazdu do obiektu blisko pla\u017cy.\",\"inLanguage\":\"de\",\"potentialAction\":[{\"@type\":\"ReadAction\",\"target\":[\"https:\/\/azul-grzybowo.pl\/kontakt\"]}]},{\"@type\":\"WebSite\",\"@id\":\"https:\/\/azul-grzybowo.pl\/#website\",\"url\":\"https:\/\/azul-grzybowo.pl\/\",\"name\":\"Azul Grzybowo\",\"description\":\"Noclegi nad Morzem\",\"potentialAction\":[{\"@type\":\"SearchAction\",\"target\":{\"@type\":\"EntryPoint\",\"urlTemplate\":\"https:\/\/azul-grzybowo.pl\/?s={search_term_string}\"},\"query-input\":\"required name=search_term_string\"}],\"inLanguage\":\"de\"}]}<\/script>\n<!-- \/ Yoast SEO plugin. -->","yoast_head_json":{"title":"Kontakt i Rezerwacja - Azul Grzybowo | Zapraszamy","description":"Chcesz zarezerwowa\u0107 pok\u00f3j w Grzybowie? Skontaktuj si\u0119 z O\u015brodkiem Azul. Sprawd\u017a adres, numer telefonu i map\u0119 dojazdu do obiektu blisko pla\u017cy.","robots":{"index":"index","follow":"follow","max-snippet":"max-snippet:-1","max-image-preview":"max-image-preview:large","max-video-preview":"max-video-preview:-1"},"canonical":"https:\/\/azul-grzybowo.pl\/de\/kontakt\/","og_locale":"de_DE","og_type":"article","og_title":"Kontakt i Rezerwacja - Azul Grzybowo | Zapraszamy","og_description":"Chcesz zarezerwowa\u0107 pok\u00f3j w Grzybowie? Skontaktuj si\u0119 z O\u015brodkiem Azul. Sprawd\u017a adres, numer telefonu i map\u0119 dojazdu do obiektu blisko pla\u017cy.","og_url":"https:\/\/azul-grzybowo.pl\/de\/kontakt\/","og_site_name":"Azul Grzybowo","article_modified_time":"2026-03-04T13:07:07+00:00","twitter_card":"summary_large_image","twitter_misc":{"Gesch\u00e4tzte Lesezeit":"1\u00a0Minute"},"schema":{"@context":"https:\/\/schema.org","@graph":[{"@type":"WebPage","@id":"https:\/\/azul-grzybowo.pl\/kontakt","url":"https:\/\/azul-grzybowo.pl\/kontakt","name":"Kontakt i Rezerwacja - Azul Grzybowo | Zapraszamy","isPartOf":{"@id":"https:\/\/azul-grzybowo.pl\/#website"},"datePublished":"2020-12-09T10:53:38+00:00","dateModified":"2026-03-04T13:07:07+00:00","description":"Chcesz zarezerwowa\u0107 pok\u00f3j w Grzybowie? Skontaktuj si\u0119 z O\u015brodkiem Azul. Sprawd\u017a adres, numer telefonu i map\u0119 dojazdu do obiektu blisko pla\u017cy.","inLanguage":"de","potentialAction":[{"@type":"ReadAction","target":["https:\/\/azul-grzybowo.pl\/kontakt"]}]},{"@type":"WebSite","@id":"https:\/\/azul-grzybowo.pl\/#website","url":"https:\/\/azul-grzybowo.pl\/","name":"Azul Grzybowo","description":"Noclegi nad Morzem","potentialAction":[{"@type":"SearchAction","target":{"@type":"EntryPoint","urlTemplate":"https:\/\/azul-grzybowo.pl\/?s={search_term_string}"},"query-input":"required name=search_term_string"}],"inLanguage":"de"}]}},"_links":{"self":[{"href":"https:\/\/azul-grzybowo.pl\/de\/wp-json\/wp\/v2\/pages\/588"}],"collection":[{"href":"https:\/\/azul-grzybowo.pl\/de\/wp-json\/wp\/v2\/pages"}],"about":[{"href":"https:\/\/azul-grzybowo.pl\/de\/wp-json\/wp\/v2\/types\/page"}],"author":[{"embeddable":true,"href":"https:\/\/azul-grzybowo.pl\/de\/wp-json\/wp\/v2\/users\/1"}],"replies":[{"embeddable":true,"href":"https:\/\/azul-grzybowo.pl\/de\/wp-json\/wp\/v2\/comments?post=588"}],"version-history":[{"count":1,"href":"https:\/\/azul-grzybowo.pl\/de\/wp-json\/wp\/v2\/pages\/588\/revisions"}],"predecessor-version":[{"id":589,"href":"https:\/\/azul-grzybowo.pl\/de\/wp-json\/wp\/v2\/pages\/588\/revisions\/589"}],"wp:attachment":[{"href":"https:\/\/azul-grzybowo.pl\/de\/wp-json\/wp\/v2\/media?parent=588"}],"curies":[{"name":"wp","href":"https:\/\/api.w.org\/{rel}","templated":true}]}}