{"id":1354,"date":"2021-04-22T09:58:31","date_gmt":"2021-04-22T07:58:31","guid":{"rendered":"https:\/\/azul-grzybowo.pl\/?page_id=1354"},"modified":"2026-03-04T13:56:43","modified_gmt":"2026-03-04T12:56:43","slug":"okolica","status":"publish","type":"page","link":"https:\/\/azul-grzybowo.pl\/en\/okolica","title":{"rendered":"Local attractions"},"content":{"rendered":"<section id=\"section-59-1354\" class=\"ct-section\" ><div class=\"ct-section-inner-wrap\"><h1 id=\"headline-986-1354\" class=\"ct-headline\"><b><b>Local attractions<\/b> <b>and attractions \u2013 Azul Recreation Center in Grzybowo<\/b><\/b><\/h1><div id=\"text_block-658-1354\" class=\"ct-text-block\" >Grzybowo is a picturesque village located in a beautiful region.<br>Check out some of the attractions that can be found nearby.<\/div><div id=\"div_block-62-1354\" class=\"ct-div-block\" ><div id=\"_dynamic_list-860-1354\" class=\"oxy-dynamic-list\"><div id=\"div_block-861-1354-1\" class=\"ct-div-block\" data-aos=\"fade-up\" data-aos-duration=\"800\" data-aos-once=\"true\" data-id=\"div_block-861-1354\"><div id=\"div_block-862-1354-1\" class=\"ct-div-block attraction-box\" data-id=\"div_block-862-1354\"><img decoding=\"async\" id=\"image-863-1354-1\" alt=\"\" src=\"https:\/\/azul-grzybowo.pl\/wp-content\/uploads\/2021\/07\/kolobrzeg-17-15-09-0424.jpg\" class=\"ct-image cover-image\" data-id=\"image-863-1354\"><\/div><div id=\"div_block-866-1354-1\" class=\"ct-div-block\" data-id=\"div_block-866-1354\"><div id=\"text_block-867-1354-1\" class=\"ct-text-block\" data-id=\"text_block-867-1354\"><span id=\"span-868-1354\" class=\"ct-span\" >Viewing point<\/span><\/div><h3 id=\"headline-869-1354-1\" class=\"ct-headline section-heading\" data-id=\"headline-869-1354\"><span id=\"span-870-1354\" class=\"ct-span\" >Lighthouse in Kolobrzeg<\/span><\/h3><div id=\"text_block-871-1354-1\" class=\"ct-text-block txt\" data-id=\"text_block-871-1354\"><span id=\"span-872-1354\" class=\"ct-span\" ><p>Lighthouse in Kolobrzeg is a postwar building, which stands on the site of the former fortress buildings. It measures up to 26 meters and is one of the popular attractions of the city. The lighthouse is open to visitors.<\/p>\n<\/span><\/div><\/div><\/div><div id=\"div_block-861-1354-2\" class=\"ct-div-block\" data-aos=\"fade-up\" data-aos-duration=\"800\" data-aos-once=\"true\" data-id=\"div_block-861-1354\"><div id=\"div_block-862-1354-2\" class=\"ct-div-block attraction-box\" data-id=\"div_block-862-1354\"><img decoding=\"async\" id=\"image-863-1354-2\" alt=\"\" src=\"https:\/\/azul-grzybowo.pl\/wp-content\/uploads\/2021\/07\/kolobrzeg-17-15-00-1395.jpg\" class=\"ct-image cover-image\" data-id=\"image-863-1354\"><\/div><div id=\"div_block-866-1354-2\" class=\"ct-div-block\" data-id=\"div_block-866-1354\"><div id=\"text_block-867-1354-2\" class=\"ct-text-block\" data-id=\"text_block-867-1354\"><span id=\"span-868-1354\" class=\"ct-span\" >Walks<\/span><\/div><h3 id=\"headline-869-1354-2\" class=\"ct-headline section-heading\" data-id=\"headline-869-1354\"><span id=\"span-870-1354\" class=\"ct-span\" >Pier, seaside promenade, passenger port<\/span><\/h3><div id=\"text_block-871-1354-2\" class=\"ct-text-block txt\" data-id=\"text_block-871-1354\"><span id=\"span-872-1354\" class=\"ct-span\" ><p>Ko\u0142obrzeg's pier with a length of 220 meters and the seaside promenade is the best place for walks and admiring the beauty of the Baltic Sea at any time of year. For tourists also awaits the passenger port offering tourist cruises e.g. to Bornholm.<\/p>\n<\/span><\/div><\/div><\/div><div id=\"div_block-861-1354-3\" class=\"ct-div-block\" data-aos=\"fade-up\" data-aos-duration=\"800\" data-aos-once=\"true\" data-id=\"div_block-861-1354\"><div id=\"div_block-862-1354-3\" class=\"ct-div-block attraction-box\" data-id=\"div_block-862-1354\"><img decoding=\"async\" id=\"image-863-1354-3\" alt=\"\" src=\"https:\/\/azul-grzybowo.pl\/wp-content\/uploads\/2021\/07\/kolobrzeg-17-15-40-594.jpg\" class=\"ct-image cover-image\" data-id=\"image-863-1354\"><\/div><div id=\"div_block-866-1354-3\" class=\"ct-div-block\" data-id=\"div_block-866-1354\"><div id=\"text_block-867-1354-3\" class=\"ct-text-block\" data-id=\"text_block-867-1354\"><span id=\"span-868-1354\" class=\"ct-span\" >Historic Site<\/span><\/div><h3 id=\"headline-869-1354-3\" class=\"ct-headline section-heading\" data-id=\"headline-869-1354\"><span id=\"span-870-1354\" class=\"ct-span\" >Old town with magnificent buildings<\/span><\/h3><div id=\"text_block-871-1354-3\" class=\"ct-text-block txt\" data-id=\"text_block-871-1354\"><span id=\"span-872-1354\" class=\"ct-span\" ><p>Kolobrzeg's monuments will delight anyone - the unique medieval buildings, including the beautiful Basilica of St Mary and the town hall are the most eye-catching. Kolobrzeg is listed on the European Route of Brick Gothic.<\/p>\n<\/span><\/div><\/div><\/div><div id=\"div_block-861-1354-4\" class=\"ct-div-block\" data-aos=\"fade-up\" data-aos-duration=\"800\" data-aos-once=\"true\" data-id=\"div_block-861-1354\"><div id=\"div_block-862-1354-4\" class=\"ct-div-block attraction-box\" data-id=\"div_block-862-1354\"><img decoding=\"async\" id=\"image-863-1354-4\" alt=\"\" src=\"https:\/\/azul-grzybowo.pl\/wp-content\/uploads\/2021\/07\/kolobrzeg-17-15-36-3073.jpg\" class=\"ct-image cover-image\" data-id=\"image-863-1354\"><\/div><div id=\"div_block-866-1354-4\" class=\"ct-div-block\" data-id=\"div_block-866-1354\"><div id=\"text_block-867-1354-4\" class=\"ct-text-block\" data-id=\"text_block-867-1354\"><span id=\"span-868-1354\" class=\"ct-span\" >Historic Site<\/span><\/div><h3 id=\"headline-869-1354-4\" class=\"ct-headline section-heading\" data-id=\"headline-869-1354\"><span id=\"span-870-1354\" class=\"ct-span\" >Basilica of Kolobrzeg<\/span><\/h3><div id=\"text_block-871-1354-4\" class=\"ct-text-block txt\" data-id=\"text_block-871-1354\"><span id=\"span-872-1354\" class=\"ct-span\" ><p>Concathedral Basilica of the Assumption of the Blessed Virgin Mary in Kolobrzeg dates back its history to the fourteenth century. It is a monumental building in the Gothic style, inside which you can admire numerous monuments of sacred art.<\/p>\n<\/span><\/div><\/div><\/div><div id=\"div_block-861-1354-5\" class=\"ct-div-block\" data-aos=\"fade-up\" data-aos-duration=\"800\" data-aos-once=\"true\" data-id=\"div_block-861-1354\"><div id=\"div_block-862-1354-5\" class=\"ct-div-block attraction-box\" data-id=\"div_block-862-1354\"><img decoding=\"async\" id=\"image-863-1354-5\" alt=\"\" src=\"https:\/\/azul-grzybowo.pl\/wp-content\/uploads\/2021\/07\/kolobrzeg-17-15-02-156.jpg\" class=\"ct-image cover-image\" data-id=\"image-863-1354\"><\/div><div id=\"div_block-866-1354-5\" class=\"ct-div-block\" data-id=\"div_block-866-1354\"><div id=\"text_block-867-1354-5\" class=\"ct-text-block\" data-id=\"text_block-867-1354\"><span id=\"span-868-1354\" class=\"ct-span\" >Tours<\/span><\/div><h3 id=\"headline-869-1354-5\" class=\"ct-headline section-heading\" data-id=\"headline-869-1354\"><span id=\"span-870-1354\" class=\"ct-span\" >Ferry to Bornholm<\/span><\/h3><div id=\"text_block-871-1354-5\" class=\"ct-text-block txt\" data-id=\"text_block-871-1354\"><span id=\"span-872-1354\" class=\"ct-span\" ><p>From April to October there are regular harbour cruises to Bornholm from Ko\u0142obrzeg. Passenger cruises are an excellent opportunity to see this Danish island with its beautiful views. There are restaurants and shops on the ferry.<\/p>\n<\/span><\/div><\/div><\/div><div id=\"div_block-861-1354-6\" class=\"ct-div-block\" data-aos=\"fade-up\" data-aos-duration=\"800\" data-aos-once=\"true\" data-id=\"div_block-861-1354\"><div id=\"div_block-862-1354-6\" class=\"ct-div-block attraction-box\" data-id=\"div_block-862-1354\"><img decoding=\"async\" id=\"image-863-1354-6\" alt=\"\" src=\"https:\/\/azul-grzybowo.pl\/wp-content\/uploads\/2021\/07\/kolobrzeg-17-15-06-0656.jpg\" class=\"ct-image cover-image\" data-id=\"image-863-1354\"><\/div><div id=\"div_block-866-1354-6\" class=\"ct-div-block\" data-id=\"div_block-866-1354\"><div id=\"text_block-867-1354-6\" class=\"ct-text-block\" data-id=\"text_block-867-1354\"><span id=\"span-868-1354\" class=\"ct-span\" >Science<\/span><\/div><h3 id=\"headline-869-1354-6\" class=\"ct-headline section-heading\" data-id=\"headline-869-1354\"><span id=\"span-870-1354\" class=\"ct-span\" >Ship Museum<\/span><\/h3><div id=\"text_block-871-1354-6\" class=\"ct-text-block txt\" data-id=\"text_block-871-1354\"><span id=\"span-872-1354\" class=\"ct-span\" ><p>The Museum of Polish Arms in Kolobrzeg has a rich collection of militaria, which date back to medieval times. In its collection there is also a patrol ship ORP Fala, which is open to visitors.<\/p>\n<\/span><\/div><\/div><\/div><div id=\"div_block-861-1354-7\" class=\"ct-div-block\" data-aos=\"fade-up\" data-aos-duration=\"800\" data-aos-once=\"true\" data-id=\"div_block-861-1354\"><div id=\"div_block-862-1354-7\" class=\"ct-div-block attraction-box\" data-id=\"div_block-862-1354\"><img decoding=\"async\" id=\"image-863-1354-7\" alt=\"\" src=\"https:\/\/azul-grzybowo.pl\/wp-content\/uploads\/2021\/07\/ynordic-walking-on-the-beach-MPV92H5.jpg\" class=\"ct-image cover-image\" data-id=\"image-863-1354\"><\/div><div id=\"div_block-866-1354-7\" class=\"ct-div-block\" data-id=\"div_block-866-1354\"><div id=\"text_block-867-1354-7\" class=\"ct-text-block\" data-id=\"text_block-867-1354\"><span id=\"span-868-1354\" class=\"ct-span\" >Activity<\/span><\/div><h3 id=\"headline-869-1354-7\" class=\"ct-headline section-heading\" data-id=\"headline-869-1354\"><span id=\"span-870-1354\" class=\"ct-span\" >Nordic Walking<\/span><\/h3><div id=\"text_block-871-1354-7\" class=\"ct-text-block txt\" data-id=\"text_block-871-1354\"><span id=\"span-872-1354\" class=\"ct-span\" ><p>Nordic Walking is a great idea for everyone to spend time actively during a trip to Ko\u0142obrzeg. Magnificent views in the nature-rich surroundings will accompany you during vigorous walks.<\/p>\n<\/span><\/div><\/div><\/div><div id=\"div_block-861-1354-8\" class=\"ct-div-block\" data-aos=\"fade-up\" data-aos-duration=\"800\" data-aos-once=\"true\" data-id=\"div_block-861-1354\"><div id=\"div_block-862-1354-8\" class=\"ct-div-block attraction-box\" data-id=\"div_block-862-1354\"><img decoding=\"async\" id=\"image-863-1354-8\" alt=\"\" src=\"https:\/\/azul-grzybowo.pl\/wp-content\/uploads\/2021\/07\/fot3.jpg\" class=\"ct-image cover-image\" data-id=\"image-863-1354\"><\/div><div id=\"div_block-866-1354-8\" class=\"ct-div-block\" data-id=\"div_block-866-1354\"><div id=\"text_block-867-1354-8\" class=\"ct-text-block\" data-id=\"text_block-867-1354\"><span id=\"span-868-1354\" class=\"ct-span\" >For kids<\/span><\/div><h3 id=\"headline-869-1354-8\" class=\"ct-headline section-heading\" data-id=\"headline-869-1354\"><span id=\"span-870-1354\" class=\"ct-span\" >Sea cruises on the ship Pirat<\/span><\/h3><div id=\"text_block-871-1354-8\" class=\"ct-text-block txt\" data-id=\"text_block-871-1354\"><span id=\"span-872-1354\" class=\"ct-span\" ><p>Sea Cruises Sea cruises on a Pirate ship are a great idea to feel like a real buccaneer on a stylized ship - a great attraction for children! The cruises are available during the summer vacations. The ship is moored at the lighthouse in Ko\u0142obrzeg.<\/p>\n<\/span><\/div><\/div><\/div><div id=\"div_block-861-1354-9\" class=\"ct-div-block\" data-aos=\"fade-up\" data-aos-duration=\"800\" data-aos-once=\"true\" data-id=\"div_block-861-1354\"><div id=\"div_block-862-1354-9\" class=\"ct-div-block attraction-box\" data-id=\"div_block-862-1354\"><img decoding=\"async\" id=\"image-863-1354-9\" alt=\"\" src=\"https:\/\/azul-grzybowo.pl\/wp-content\/uploads\/2021\/07\/kolobrzeg-17-15-01-3897.jpg\" class=\"ct-image cover-image\" data-id=\"image-863-1354\"><\/div><div id=\"div_block-866-1354-9\" class=\"ct-div-block\" data-id=\"div_block-866-1354\"><div id=\"text_block-867-1354-9\" class=\"ct-text-block\" data-id=\"text_block-867-1354\"><span id=\"span-868-1354\" class=\"ct-span\" >Fishing<\/span><\/div><h3 id=\"headline-869-1354-9\" class=\"ct-headline section-heading\" data-id=\"headline-869-1354\"><span id=\"span-870-1354\" class=\"ct-span\" >Cod fishing trips<\/span><\/h3><div id=\"text_block-871-1354-9\" class=\"ct-text-block txt\" data-id=\"text_block-871-1354\"><span id=\"span-872-1354\" class=\"ct-span\" ><p>Cod fishing cruises available in Ko\u0142obrzeg are a treat not only for fishing enthusiasts. The trip is the perfect time to admire the beautiful sea views and have fun. Several day trips are also available.<\/p>\n<\/span><\/div><\/div><\/div><\/div>\n<\/div><\/div><\/section>","protected":false},"excerpt":{"rendered":"","protected":false},"author":1,"featured_media":0,"parent":0,"menu_order":0,"comment_status":"closed","ping_status":"closed","template":"","meta":{"_acf_changed":false,"footnotes":""},"class_list":["post-1354","page","type-page","status-publish","hentry"],"acf":[],"yoast_head":"<!-- This site is optimized with the Yoast SEO plugin v23.3 - https:\/\/yoast.com\/wordpress\/plugins\/seo\/ -->\n<title>Atrakcje Grzybowo i Ko\u0142obrzeg - Co zwiedzi\u0107? | Azul<\/title>\n<meta name=\"description\" content=\"Poznaj atrakcje Grzybowa i okolic. Trasy rowerowe, szerokie pla\u017ce i spok\u00f3j. O\u015brodek Azul to idealna baza wypadowa na wypoczynek nad morzem.\" \/>\n<meta name=\"robots\" content=\"index, follow, max-snippet:-1, max-image-preview:large, max-video-preview:-1\" \/>\n<link rel=\"canonical\" href=\"https:\/\/azul-grzybowo.pl\/en\/okolica\/\" \/>\n<meta property=\"og:locale\" content=\"en_US\" \/>\n<meta property=\"og:type\" content=\"article\" \/>\n<meta property=\"og:title\" content=\"Atrakcje Grzybowo i Ko\u0142obrzeg - Co zwiedzi\u0107? | Azul\" \/>\n<meta property=\"og:description\" content=\"Poznaj atrakcje Grzybowa i okolic. Trasy rowerowe, szerokie pla\u017ce i spok\u00f3j. O\u015brodek Azul to idealna baza wypadowa na wypoczynek nad morzem.\" \/>\n<meta property=\"og:url\" content=\"https:\/\/azul-grzybowo.pl\/en\/okolica\/\" \/>\n<meta property=\"og:site_name\" content=\"Azul Grzybowo\" \/>\n<meta property=\"article:modified_time\" content=\"2026-03-04T12:56:43+00:00\" \/>\n<meta name=\"twitter:card\" content=\"summary_large_image\" \/>\n<meta name=\"twitter:label1\" content=\"Est. reading time\" \/>\n\t<meta name=\"twitter:data1\" content=\"4 minutes\" \/>\n<script type=\"application\/ld+json\" class=\"yoast-schema-graph\">{\"@context\":\"https:\/\/schema.org\",\"@graph\":[{\"@type\":\"WebPage\",\"@id\":\"https:\/\/azul-grzybowo.pl\/okolica\",\"url\":\"https:\/\/azul-grzybowo.pl\/okolica\",\"name\":\"Atrakcje Grzybowo i Ko\u0142obrzeg - Co zwiedzi\u0107? | Azul\",\"isPartOf\":{\"@id\":\"https:\/\/azul-grzybowo.pl\/#website\"},\"datePublished\":\"2021-04-22T07:58:31+00:00\",\"dateModified\":\"2026-03-04T12:56:43+00:00\",\"description\":\"Poznaj atrakcje Grzybowa i okolic. Trasy rowerowe, szerokie pla\u017ce i spok\u00f3j. O\u015brodek Azul to idealna baza wypadowa na wypoczynek nad morzem.\",\"inLanguage\":\"en-US\",\"potentialAction\":[{\"@type\":\"ReadAction\",\"target\":[\"https:\/\/azul-grzybowo.pl\/okolica\"]}]},{\"@type\":\"WebSite\",\"@id\":\"https:\/\/azul-grzybowo.pl\/#website\",\"url\":\"https:\/\/azul-grzybowo.pl\/\",\"name\":\"Azul Grzybowo\",\"description\":\"Noclegi nad Morzem\",\"potentialAction\":[{\"@type\":\"SearchAction\",\"target\":{\"@type\":\"EntryPoint\",\"urlTemplate\":\"https:\/\/azul-grzybowo.pl\/?s={search_term_string}\"},\"query-input\":\"required name=search_term_string\"}],\"inLanguage\":\"en-US\"}]}<\/script>\n<!-- \/ Yoast SEO plugin. -->","yoast_head_json":{"title":"Atrakcje Grzybowo i Ko\u0142obrzeg - Co zwiedzi\u0107? | Azul","description":"Poznaj atrakcje Grzybowa i okolic. Trasy rowerowe, szerokie pla\u017ce i spok\u00f3j. O\u015brodek Azul to idealna baza wypadowa na wypoczynek nad morzem.","robots":{"index":"index","follow":"follow","max-snippet":"max-snippet:-1","max-image-preview":"max-image-preview:large","max-video-preview":"max-video-preview:-1"},"canonical":"https:\/\/azul-grzybowo.pl\/en\/okolica\/","og_locale":"en_US","og_type":"article","og_title":"Atrakcje Grzybowo i Ko\u0142obrzeg - Co zwiedzi\u0107? | Azul","og_description":"Poznaj atrakcje Grzybowa i okolic. Trasy rowerowe, szerokie pla\u017ce i spok\u00f3j. O\u015brodek Azul to idealna baza wypadowa na wypoczynek nad morzem.","og_url":"https:\/\/azul-grzybowo.pl\/en\/okolica\/","og_site_name":"Azul Grzybowo","article_modified_time":"2026-03-04T12:56:43+00:00","twitter_card":"summary_large_image","twitter_misc":{"Est. reading time":"4 minutes"},"schema":{"@context":"https:\/\/schema.org","@graph":[{"@type":"WebPage","@id":"https:\/\/azul-grzybowo.pl\/okolica","url":"https:\/\/azul-grzybowo.pl\/okolica","name":"Atrakcje Grzybowo i Ko\u0142obrzeg - Co zwiedzi\u0107? | Azul","isPartOf":{"@id":"https:\/\/azul-grzybowo.pl\/#website"},"datePublished":"2021-04-22T07:58:31+00:00","dateModified":"2026-03-04T12:56:43+00:00","description":"Poznaj atrakcje Grzybowa i okolic. Trasy rowerowe, szerokie pla\u017ce i spok\u00f3j. O\u015brodek Azul to idealna baza wypadowa na wypoczynek nad morzem.","inLanguage":"en-US","potentialAction":[{"@type":"ReadAction","target":["https:\/\/azul-grzybowo.pl\/okolica"]}]},{"@type":"WebSite","@id":"https:\/\/azul-grzybowo.pl\/#website","url":"https:\/\/azul-grzybowo.pl\/","name":"Azul Grzybowo","description":"Noclegi nad Morzem","potentialAction":[{"@type":"SearchAction","target":{"@type":"EntryPoint","urlTemplate":"https:\/\/azul-grzybowo.pl\/?s={search_term_string}"},"query-input":"required name=search_term_string"}],"inLanguage":"en-US"}]}},"_links":{"self":[{"href":"https:\/\/azul-grzybowo.pl\/en\/wp-json\/wp\/v2\/pages\/1354"}],"collection":[{"href":"https:\/\/azul-grzybowo.pl\/en\/wp-json\/wp\/v2\/pages"}],"about":[{"href":"https:\/\/azul-grzybowo.pl\/en\/wp-json\/wp\/v2\/types\/page"}],"author":[{"embeddable":true,"href":"https:\/\/azul-grzybowo.pl\/en\/wp-json\/wp\/v2\/users\/1"}],"replies":[{"embeddable":true,"href":"https:\/\/azul-grzybowo.pl\/en\/wp-json\/wp\/v2\/comments?post=1354"}],"version-history":[{"count":24,"href":"https:\/\/azul-grzybowo.pl\/en\/wp-json\/wp\/v2\/pages\/1354\/revisions"}],"predecessor-version":[{"id":1917,"href":"https:\/\/azul-grzybowo.pl\/en\/wp-json\/wp\/v2\/pages\/1354\/revisions\/1917"}],"wp:attachment":[{"href":"https:\/\/azul-grzybowo.pl\/en\/wp-json\/wp\/v2\/media?parent=1354"}],"curies":[{"name":"wp","href":"https:\/\/api.w.org\/{rel}","templated":true}]}}